{"id":2194,"date":"2018-12-03T10:09:04","date_gmt":"2018-12-03T10:09:04","guid":{"rendered":"https:\/\/www.hotellafuente.com\/the-lodge-ronda\/"},"modified":"2020-04-20T11:46:22","modified_gmt":"2020-04-20T11:46:22","slug":"the-lodge-ronda","status":"publish","type":"page","link":"https:\/\/www.hotellafuente.com\/de\/the-lodge-ronda\/","title":{"rendered":"The Lodge Ronda"},"content":{"rendered":"<div class=\"wpb-content-wrapper\"><p>[vc_row css_animation=&#8220;&#8220; row_type=&#8220;row&#8220; use_row_as_full_screen_section=&#8220;yes&#8220; type=&#8220;full_width&#8220; angled_section=&#8220;no&#8220; text_align=&#8220;left&#8220; background_image_as_pattern=&#8220;without_pattern&#8220; z_index=&#8220;&#8220; css=&#8220;.vc_custom_1543501032396{background-image: url(https:\/\/www.hotellafuente.com\/wp-content\/uploads\/2018\/11\/The-Lodge-Ronda-galeria-14.jpg?id=1121) !important;}&#8220; el_id=&#8220;book-now&#8220;][vc_column width=&#8220;1\/3&#8243;][\/vc_column][vc_column width=&#8220;1\/3&#8243;][vc_row_inner row_type=&#8220;row&#8220; type=&#8220;full_width&#8220; text_align=&#8220;center&#8220; css_animation=&#8220;&#8220;][vc_column_inner css=&#8220;.vc_custom_1540291739514{padding-top: 30px !important;padding-right: 30px !important;padding-bottom: 30px !important;padding-left: 30px !important;background-color: rgba(255,255,255,0.9) !important;*background-color: rgb(255,255,255) !important;border-radius: 3px !important;}&#8220;][vc_column_text]<\/p>\n<h2><span style=\"color: #c5311e;\">The Lodge Ronda<\/span><\/h2>\n<p>[\/vc_column_text][vc_empty_space height=&#8220;22px&#8220;][vc_column_text]Wenn Sie dar\u00fcber nachdenken, Andalusien mit ein paar Freunden oder Ihrer Familie zu besuchen, sollten Sie wissen, <strong>dass Sie unser Hotel bis zu 24 G\u00e4ste exklusiv ohne andere G\u00e4ste als Ihre eigenen reservieren k\u00f6nnen<\/strong>, oder wenn Sie bis zu 14 G\u00e4ste sind, sollten Sie sich das kleinere Schwesterhaus unseres Hotels ansehen:<br \/>\nDie Lodge Ronda.[\/vc_column_text][vc_empty_space height=&#8220;22px&#8220;][vc_column_text]<strong>Dieses gro\u00dfe Landhaus kann exklusiv reserviert werden.<\/strong><br \/>\nDer Link darunter f\u00fchrt Sie durch das Haus und die G\u00e4rten, die Yoga- und Massager\u00e4ume.[\/vc_column_text][vc_empty_space height=&#8220;22px&#8220;]<a  itemprop=\"url\" href=\"https:\/\/www.thelodgeronda.com\/de\" target=\"_blank\"  class=\"qbutton  default\" style=\"\">Entdecken Sie mehr<\/a>[vc_empty_space height=&#8220;22px&#8220;][vc_column_text]Reservierungen:\u00a0<a href=\"tel:Reservations:0034615690024\">+34 615 69 00 24<\/a>[\/vc_column_text][vc_empty_space height=&#8220;22px&#8220;][vc_column_text]<a href=\"https:\/\/www.thelodgeronda.com\/de\/\" target=\"_blank\" rel=\"noopener noreferrer\"><img data-recalc-dims=\"1\" decoding=\"async\" class=\"aligncenter wp-image-1131\" src=\"https:\/\/i0.wp.com\/www.hotellafuente.com\/wp-content\/uploads\/2018\/11\/the-lodge-ronda-imagotipo.png?resize=90%2C44&#038;ssl=1\" alt=\"\" width=\"90\" height=\"44\" \/><\/a>[\/vc_column_text][\/vc_column_inner][\/vc_row_inner][\/vc_column][vc_column width=&#8220;1\/3&#8243;][\/vc_column][\/vc_row]<\/p>\n<\/div>","protected":false},"excerpt":{"rendered":"<p>[vc_row css_animation=&#8220;&#8220; row_type=&#8220;row&#8220; use_row_as_full_screen_section=&#8220;yes&#8220; type=&#8220;full_width&#8220; angled_section=&#8220;no&#8220; text_align=&#8220;left&#8220; background_image_as_pattern=&#8220;without_pattern&#8220; z_index=&#8220;&#8220; css=&#8220;.vc_custom_1543501032396{background-image: url(https:\/\/www.hotellafuente.com\/wp-content\/uploads\/2018\/11\/The-Lodge-Ronda-galeria-14.jpg?id=1121) !important;}&#8220; el_id=&#8220;book-now&#8220;][vc_column width=&#8220;1\/3&#8243;][\/vc_column][vc_column width=&#8220;1\/3&#8243;][vc_row_inner row_type=&#8220;row&#8220; type=&#8220;full_width&#8220; text_align=&#8220;center&#8220; css_animation=&#8220;&#8220;][vc_column_inner css=&#8220;.vc_custom_1540291739514{padding-top: 30px !important;padding-right: 30px !important;padding-bottom: 30px !important;padding-left: 30px !important;background-color: rgba(255,255,255,0.9) !important;*background-color: rgb(255,255,255) !important;border-radius: 3px !important;}&#8220;][vc_column_text] The Lodge Ronda [\/vc_column_text][vc_empty_space height=&#8220;22px&#8220;][vc_column_text]Wenn Sie dar\u00fcber nachdenken, Andalusien mit ein&#8230;<\/p>\n","protected":false},"author":1,"featured_media":0,"parent":0,"menu_order":0,"comment_status":"closed","ping_status":"closed","template":"full_screen.php","meta":{"_joinchat":[],"footnotes":""},"class_list":["post-2194","page","type-page","status-publish","hentry"],"yoast_head":"<!-- This site is optimized with the Yoast SEO plugin v26.4 - https:\/\/yoast.com\/wordpress\/plugins\/seo\/ -->\n<title>The Lodge Ronda | Hotel La Fuente de la Higuera<\/title>\n<meta name=\"robots\" content=\"index, follow, max-snippet:-1, max-image-preview:large, max-video-preview:-1\" \/>\n<link rel=\"canonical\" href=\"https:\/\/www.hotellafuente.com\/de\/the-lodge-ronda\/\" \/>\n<meta property=\"og:locale\" content=\"de_DE\" \/>\n<meta property=\"og:type\" content=\"article\" \/>\n<meta property=\"og:title\" content=\"The Lodge Ronda | Hotel La Fuente de la Higuera\" \/>\n<meta property=\"og:description\" content=\"[vc_row css_animation=&#8220;&#8220; row_type=&#8220;row&#8220; use_row_as_full_screen_section=&#8220;yes&#8220; type=&#8220;full_width&#8220; angled_section=&#8220;no&#8220; text_align=&#8220;left&#8220; background_image_as_pattern=&#8220;without_pattern&#8220; z_index=&#8220;&#8220; css=&#8220;.vc_custom_1543501032396{background-image: url(https:\/\/www.hotellafuente.com\/wp-content\/uploads\/2018\/11\/The-Lodge-Ronda-galeria-14.jpg?id=1121) !important;}&#8220; el_id=&#8220;book-now&#8220;][vc_column width=&#8220;1\/3&#8243;][\/vc_column][vc_column width=&#8220;1\/3&#8243;][vc_row_inner row_type=&#8220;row&#8220; type=&#8220;full_width&#8220; text_align=&#8220;center&#8220; css_animation=&#8220;&#8220;][vc_column_inner css=&#8220;.vc_custom_1540291739514{padding-top: 30px !important;padding-right: 30px !important;padding-bottom: 30px !important;padding-left: 30px !important;background-color: rgba(255,255,255,0.9) !important;*background-color: rgb(255,255,255) !important;border-radius: 3px !important;}&#8220;][vc_column_text] The Lodge Ronda [\/vc_column_text][vc_empty_space height=&#8220;22px&#8220;][vc_column_text]Wenn Sie dar\u00fcber nachdenken, Andalusien mit ein...\" \/>\n<meta property=\"og:url\" content=\"https:\/\/www.hotellafuente.com\/de\/the-lodge-ronda\/\" \/>\n<meta property=\"og:site_name\" content=\"Hotel La Fuente de la Higuera\" \/>\n<meta property=\"article:publisher\" content=\"https:\/\/www.facebook.com\/Hotel-la-Fuente-de-la-Higuera-1873651042879969\/\" \/>\n<meta property=\"article:modified_time\" content=\"2020-04-20T11:46:22+00:00\" \/>\n<meta property=\"og:image\" content=\"https:\/\/www.hotellafuente.com\/wp-content\/uploads\/2018\/11\/the-lodge-ronda-imagotipo.png\" \/>\n<meta name=\"twitter:card\" content=\"summary_large_image\" \/>\n<meta name=\"twitter:label1\" content=\"Gesch\u00e4tzte Lesezeit\" \/>\n\t<meta name=\"twitter:data1\" content=\"1\u00a0Minute\" \/>\n<script type=\"application\/ld+json\" class=\"yoast-schema-graph\">{\"@context\":\"https:\/\/schema.org\",\"@graph\":[{\"@type\":\"WebPage\",\"@id\":\"https:\/\/www.hotellafuente.com\/de\/the-lodge-ronda\/\",\"url\":\"https:\/\/www.hotellafuente.com\/de\/the-lodge-ronda\/\",\"name\":\"The Lodge Ronda | Hotel La Fuente de la Higuera\",\"isPartOf\":{\"@id\":\"https:\/\/www.hotellafuente.com\/de\/#website\"},\"primaryImageOfPage\":{\"@id\":\"https:\/\/www.hotellafuente.com\/de\/the-lodge-ronda\/#primaryimage\"},\"image\":{\"@id\":\"https:\/\/www.hotellafuente.com\/de\/the-lodge-ronda\/#primaryimage\"},\"thumbnailUrl\":\"https:\/\/www.hotellafuente.com\/wp-content\/uploads\/2018\/11\/the-lodge-ronda-imagotipo.png\",\"datePublished\":\"2018-12-03T10:09:04+00:00\",\"dateModified\":\"2020-04-20T11:46:22+00:00\",\"breadcrumb\":{\"@id\":\"https:\/\/www.hotellafuente.com\/de\/the-lodge-ronda\/#breadcrumb\"},\"inLanguage\":\"de\",\"potentialAction\":[{\"@type\":\"ReadAction\",\"target\":[\"https:\/\/www.hotellafuente.com\/de\/the-lodge-ronda\/\"]}]},{\"@type\":\"ImageObject\",\"inLanguage\":\"de\",\"@id\":\"https:\/\/www.hotellafuente.com\/de\/the-lodge-ronda\/#primaryimage\",\"url\":\"https:\/\/www.hotellafuente.com\/wp-content\/uploads\/2018\/11\/the-lodge-ronda-imagotipo.png\",\"contentUrl\":\"https:\/\/www.hotellafuente.com\/wp-content\/uploads\/2018\/11\/the-lodge-ronda-imagotipo.png\"},{\"@type\":\"BreadcrumbList\",\"@id\":\"https:\/\/www.hotellafuente.com\/de\/the-lodge-ronda\/#breadcrumb\",\"itemListElement\":[{\"@type\":\"ListItem\",\"position\":1,\"name\":\"Portada\",\"item\":\"https:\/\/www.hotellafuente.com\/de\/\"},{\"@type\":\"ListItem\",\"position\":2,\"name\":\"The Lodge Ronda\"}]},{\"@type\":\"WebSite\",\"@id\":\"https:\/\/www.hotellafuente.com\/de\/#website\",\"url\":\"https:\/\/www.hotellafuente.com\/de\/\",\"name\":\"Hotel La Fuente de la Higuera\",\"description\":\"Hotel La Fuente de la Higuera | Web Official | Ronda\",\"publisher\":{\"@id\":\"https:\/\/www.hotellafuente.com\/de\/#organization\"},\"potentialAction\":[{\"@type\":\"SearchAction\",\"target\":{\"@type\":\"EntryPoint\",\"urlTemplate\":\"https:\/\/www.hotellafuente.com\/de\/?s={search_term_string}\"},\"query-input\":{\"@type\":\"PropertyValueSpecification\",\"valueRequired\":true,\"valueName\":\"search_term_string\"}}],\"inLanguage\":\"de\"},{\"@type\":\"Organization\",\"@id\":\"https:\/\/www.hotellafuente.com\/de\/#organization\",\"name\":\"Hotel La Fuente de la Higuera\",\"url\":\"https:\/\/www.hotellafuente.com\/de\/\",\"logo\":{\"@type\":\"ImageObject\",\"inLanguage\":\"de\",\"@id\":\"https:\/\/www.hotellafuente.com\/de\/#\/schema\/logo\/image\/\",\"url\":\"https:\/\/i1.wp.com\/www.hotellafuente.com\/wp-content\/uploads\/2018\/11\/fuente-de-la-higuera-hotel-ronda-logo-3.png?fit=208%2C180&ssl=1\",\"contentUrl\":\"https:\/\/i1.wp.com\/www.hotellafuente.com\/wp-content\/uploads\/2018\/11\/fuente-de-la-higuera-hotel-ronda-logo-3.png?fit=208%2C180&ssl=1\",\"width\":208,\"height\":180,\"caption\":\"Hotel La Fuente de la Higuera\"},\"image\":{\"@id\":\"https:\/\/www.hotellafuente.com\/de\/#\/schema\/logo\/image\/\"},\"sameAs\":[\"https:\/\/www.facebook.com\/Hotel-la-Fuente-de-la-Higuera-1873651042879969\/\",\"https:\/\/www.instagram.com\/hotelfuentedelahiguera\/\"]}]}<\/script>\n<!-- \/ Yoast SEO plugin. -->","yoast_head_json":{"title":"The Lodge Ronda | Hotel La Fuente de la Higuera","robots":{"index":"index","follow":"follow","max-snippet":"max-snippet:-1","max-image-preview":"max-image-preview:large","max-video-preview":"max-video-preview:-1"},"canonical":"https:\/\/www.hotellafuente.com\/de\/the-lodge-ronda\/","og_locale":"de_DE","og_type":"article","og_title":"The Lodge Ronda | Hotel La Fuente de la Higuera","og_description":"[vc_row css_animation=&#8220;&#8220; row_type=&#8220;row&#8220; use_row_as_full_screen_section=&#8220;yes&#8220; type=&#8220;full_width&#8220; angled_section=&#8220;no&#8220; text_align=&#8220;left&#8220; background_image_as_pattern=&#8220;without_pattern&#8220; z_index=&#8220;&#8220; css=&#8220;.vc_custom_1543501032396{background-image: url(https:\/\/www.hotellafuente.com\/wp-content\/uploads\/2018\/11\/The-Lodge-Ronda-galeria-14.jpg?id=1121) !important;}&#8220; el_id=&#8220;book-now&#8220;][vc_column width=&#8220;1\/3&#8243;][\/vc_column][vc_column width=&#8220;1\/3&#8243;][vc_row_inner row_type=&#8220;row&#8220; type=&#8220;full_width&#8220; text_align=&#8220;center&#8220; css_animation=&#8220;&#8220;][vc_column_inner css=&#8220;.vc_custom_1540291739514{padding-top: 30px !important;padding-right: 30px !important;padding-bottom: 30px !important;padding-left: 30px !important;background-color: rgba(255,255,255,0.9) !important;*background-color: rgb(255,255,255) !important;border-radius: 3px !important;}&#8220;][vc_column_text] The Lodge Ronda [\/vc_column_text][vc_empty_space height=&#8220;22px&#8220;][vc_column_text]Wenn Sie dar\u00fcber nachdenken, Andalusien mit ein...","og_url":"https:\/\/www.hotellafuente.com\/de\/the-lodge-ronda\/","og_site_name":"Hotel La Fuente de la Higuera","article_publisher":"https:\/\/www.facebook.com\/Hotel-la-Fuente-de-la-Higuera-1873651042879969\/","article_modified_time":"2020-04-20T11:46:22+00:00","og_image":[{"url":"https:\/\/www.hotellafuente.com\/wp-content\/uploads\/2018\/11\/the-lodge-ronda-imagotipo.png","type":"","width":"","height":""}],"twitter_card":"summary_large_image","twitter_misc":{"Gesch\u00e4tzte Lesezeit":"1\u00a0Minute"},"schema":{"@context":"https:\/\/schema.org","@graph":[{"@type":"WebPage","@id":"https:\/\/www.hotellafuente.com\/de\/the-lodge-ronda\/","url":"https:\/\/www.hotellafuente.com\/de\/the-lodge-ronda\/","name":"The Lodge Ronda | Hotel La Fuente de la Higuera","isPartOf":{"@id":"https:\/\/www.hotellafuente.com\/de\/#website"},"primaryImageOfPage":{"@id":"https:\/\/www.hotellafuente.com\/de\/the-lodge-ronda\/#primaryimage"},"image":{"@id":"https:\/\/www.hotellafuente.com\/de\/the-lodge-ronda\/#primaryimage"},"thumbnailUrl":"https:\/\/www.hotellafuente.com\/wp-content\/uploads\/2018\/11\/the-lodge-ronda-imagotipo.png","datePublished":"2018-12-03T10:09:04+00:00","dateModified":"2020-04-20T11:46:22+00:00","breadcrumb":{"@id":"https:\/\/www.hotellafuente.com\/de\/the-lodge-ronda\/#breadcrumb"},"inLanguage":"de","potentialAction":[{"@type":"ReadAction","target":["https:\/\/www.hotellafuente.com\/de\/the-lodge-ronda\/"]}]},{"@type":"ImageObject","inLanguage":"de","@id":"https:\/\/www.hotellafuente.com\/de\/the-lodge-ronda\/#primaryimage","url":"https:\/\/www.hotellafuente.com\/wp-content\/uploads\/2018\/11\/the-lodge-ronda-imagotipo.png","contentUrl":"https:\/\/www.hotellafuente.com\/wp-content\/uploads\/2018\/11\/the-lodge-ronda-imagotipo.png"},{"@type":"BreadcrumbList","@id":"https:\/\/www.hotellafuente.com\/de\/the-lodge-ronda\/#breadcrumb","itemListElement":[{"@type":"ListItem","position":1,"name":"Portada","item":"https:\/\/www.hotellafuente.com\/de\/"},{"@type":"ListItem","position":2,"name":"The Lodge Ronda"}]},{"@type":"WebSite","@id":"https:\/\/www.hotellafuente.com\/de\/#website","url":"https:\/\/www.hotellafuente.com\/de\/","name":"Hotel La Fuente de la Higuera","description":"Hotel La Fuente de la Higuera | Web Official | Ronda","publisher":{"@id":"https:\/\/www.hotellafuente.com\/de\/#organization"},"potentialAction":[{"@type":"SearchAction","target":{"@type":"EntryPoint","urlTemplate":"https:\/\/www.hotellafuente.com\/de\/?s={search_term_string}"},"query-input":{"@type":"PropertyValueSpecification","valueRequired":true,"valueName":"search_term_string"}}],"inLanguage":"de"},{"@type":"Organization","@id":"https:\/\/www.hotellafuente.com\/de\/#organization","name":"Hotel La Fuente de la Higuera","url":"https:\/\/www.hotellafuente.com\/de\/","logo":{"@type":"ImageObject","inLanguage":"de","@id":"https:\/\/www.hotellafuente.com\/de\/#\/schema\/logo\/image\/","url":"https:\/\/i1.wp.com\/www.hotellafuente.com\/wp-content\/uploads\/2018\/11\/fuente-de-la-higuera-hotel-ronda-logo-3.png?fit=208%2C180&ssl=1","contentUrl":"https:\/\/i1.wp.com\/www.hotellafuente.com\/wp-content\/uploads\/2018\/11\/fuente-de-la-higuera-hotel-ronda-logo-3.png?fit=208%2C180&ssl=1","width":208,"height":180,"caption":"Hotel La Fuente de la Higuera"},"image":{"@id":"https:\/\/www.hotellafuente.com\/de\/#\/schema\/logo\/image\/"},"sameAs":["https:\/\/www.facebook.com\/Hotel-la-Fuente-de-la-Higuera-1873651042879969\/","https:\/\/www.instagram.com\/hotelfuentedelahiguera\/"]}]}},"jetpack_sharing_enabled":true,"_links":{"self":[{"href":"https:\/\/www.hotellafuente.com\/de\/wp-json\/wp\/v2\/pages\/2194","targetHints":{"allow":["GET"]}}],"collection":[{"href":"https:\/\/www.hotellafuente.com\/de\/wp-json\/wp\/v2\/pages"}],"about":[{"href":"https:\/\/www.hotellafuente.com\/de\/wp-json\/wp\/v2\/types\/page"}],"author":[{"embeddable":true,"href":"https:\/\/www.hotellafuente.com\/de\/wp-json\/wp\/v2\/users\/1"}],"replies":[{"embeddable":true,"href":"https:\/\/www.hotellafuente.com\/de\/wp-json\/wp\/v2\/comments?post=2194"}],"version-history":[{"count":5,"href":"https:\/\/www.hotellafuente.com\/de\/wp-json\/wp\/v2\/pages\/2194\/revisions"}],"predecessor-version":[{"id":3230,"href":"https:\/\/www.hotellafuente.com\/de\/wp-json\/wp\/v2\/pages\/2194\/revisions\/3230"}],"wp:attachment":[{"href":"https:\/\/www.hotellafuente.com\/de\/wp-json\/wp\/v2\/media?parent=2194"}],"curies":[{"name":"wp","href":"https:\/\/api.w.org\/{rel}","templated":true}]}}