{"id":961,"date":"2018-06-20T08:37:56","date_gmt":"2018-06-20T08:37:56","guid":{"rendered":"https:\/\/www.hotellafuente.com\/facilities\/"},"modified":"2022-03-02T14:16:41","modified_gmt":"2022-03-02T14:16:41","slug":"unsere-haeuser","status":"publish","type":"page","link":"https:\/\/www.hotellafuente.com\/de\/unsere-haeuser\/","title":{"rendered":"Unsere h\u00e4user"},"content":{"rendered":"<div class=\"wpb-content-wrapper\"><p>[vc_row css_animation=&#8220;&#8220; row_type=&#8220;row&#8220; use_row_as_full_screen_section=&#8220;no&#8220; type=&#8220;grid&#8220; angled_section=&#8220;no&#8220; text_align=&#8220;left&#8220; background_image_as_pattern=&#8220;without_pattern&#8220; z_index=&#8220;&#8220; css=&#8220;.vc_custom_1540555975723{padding-top: 9% !important;padding-bottom: 9% !important;background-color: #f6f6f6 !important;}&#8220;][vc_column][vc_row_inner row_type=&#8220;row&#8220; type=&#8220;full_width&#8220; text_align=&#8220;left&#8220; css_animation=&#8220;&#8220;][vc_column_inner width=&#8220;1\/2&#8243;][vc_column_text]<\/p>\n<h2><span style=\"color: #9a7a26;\"><strong>Umfassen Sie Ihren Aufenthalt, wir bieten viel mehr als nur eine Unterkunft &#8230;<\/strong><\/span><\/h2>\n<p>[vc_empty_space height=&#8220;15px&#8220;]<br \/>\n<a  itemprop=\"url\" href=\"\/de\/book\" target=\"_self\"  class=\"qbutton  default\" style=\"\">buchen Sie jetzt<\/a>[\/vc_column_text][vc_empty_space height=&#8220;50px&#8220;][\/vc_column_inner][vc_column_inner width=&#8220;1\/4&#8243;]<div class=\"q_icon_list\"><p style=\"font-size: 18px;font-weight: 400;margin-bottom: 25px;\">&lt;strong&gt;Wi-Fi&lt;\/strong&gt; ist in allen Bereichen verf\u00fcgbar und kostenlos.<\/p><\/div><div class=\"q_icon_list\"><p style=\"font-size: 18px;font-weight: 400;margin-bottom: 25px;\">&lt;strong&gt;Entspannung&lt;\/strong&gt;: Massage<\/p><\/div><div class=\"q_icon_list\"><p style=\"font-size: 18px;font-weight: 400;margin-bottom: 25px;\">&lt;strong&gt;Kamine&lt;\/strong&gt; sind in den meisten unserer Zimmer vorhanden.<\/p><\/div><div class=\"q_icon_list\"><p style=\"font-size: 18px;font-weight: 400;margin-bottom: 25px;\">&lt;strong&gt;Eigene private Terrasse:&lt;\/strong&gt; in allen Zimmern verf\u00fcgbar<\/p><\/div><div class=\"q_icon_list\"><p style=\"font-size: 18px;font-weight: 400;margin-bottom: 25px;\">&lt;strong&gt;Lebensmittel &amp; Getr\u00e4nke&lt;\/strong&gt;; Restaurant, Bar, Zimmerservice, Speisen f\u00fcr spezielle Ern\u00e4hrungsbed\u00fcrfnisse (auf Anfrage) und Lunchpakete<\/p><\/div><div class=\"q_icon_list\"><p style=\"font-size: 18px;font-weight: 400;margin-bottom: 25px;\">&lt;strong&gt; Au\u00dfenpool &lt;\/strong&gt;<\/p><\/div>[\/vc_column_inner][vc_column_inner width=&#8220;1\/4&#8243;]<div class=\"q_icon_list\"><p style=\"font-size: 18px;font-weight: 400;margin-bottom: 25px;\">&lt;strong&gt;Kostenlose \u00f6ffentliche Parkpl\u00e4tze&lt;\/strong&gt; stehen vor Ort zur Verf\u00fcgung (Reservierung ist nicht erforderlich)<\/p><\/div><div class=\"q_icon_list\"><p style=\"font-size: 18px;font-weight: 400;margin-bottom: 25px;\">&lt;strong&gt; Free Destination-Charger&lt;\/strong&gt; f\u00fcr Autos und Elektrofahrzeuge von Tesla (nur f\u00fcr G\u00e4ste mit \u00dcbernachtung)<\/p><\/div><div class=\"q_icon_list\"><p style=\"font-size: 18px;font-weight: 400;margin-bottom: 25px;\">&lt;strong&gt;Fr\u00fcher Check-In:&lt;\/strong&gt; G\u00e4ste k\u00f6nnen jederzeit am Pool ankommen oder auf der Terrasse zu Mittag essen<\/p><\/div><div class=\"q_icon_list\"><p style=\"font-size: 18px;font-weight: 400;margin-bottom: 25px;\">&lt;strong&gt;Sp\u00e4ter Check-Out:&lt;\/strong&gt; Bitte fragen Sie uns am Morgen Ihrer Abreise, ob ein sp\u00e4ter Check-Out m\u00f6glich ist.<\/p><\/div>[\/vc_column_inner][\/vc_row_inner][vc_row_inner row_type=&#8220;row&#8220; type=&#8220;full_width&#8220; text_align=&#8220;left&#8220; css_animation=&#8220;&#8220; css=&#8220;.vc_custom_1540555824313{padding-top: 16% !important;}&#8220;][vc_column_inner width=&#8220;1\/2&#8243;][vc_single_image image=&#8220;2891&#8243; img_size=&#8220;full&#8220; qode_css_animation=&#8220;&#8220;][vc_empty_space height=&#8220;50px&#8220;][\/vc_column_inner][vc_column_inner width=&#8220;1\/2&#8243;][vc_single_image image=&#8220;2834&#8243; img_size=&#8220;full&#8220; qode_css_animation=&#8220;&#8220;][\/vc_column_inner][\/vc_row_inner][\/vc_column][\/vc_row]<\/p>\n<\/div>","protected":false},"excerpt":{"rendered":"<p>[vc_row css_animation=&#8220;&#8220; row_type=&#8220;row&#8220; use_row_as_full_screen_section=&#8220;no&#8220; type=&#8220;grid&#8220; angled_section=&#8220;no&#8220; text_align=&#8220;left&#8220; background_image_as_pattern=&#8220;without_pattern&#8220; z_index=&#8220;&#8220; css=&#8220;.vc_custom_1540555975723{padding-top: 9% !important;padding-bottom: 9% !important;background-color: #f6f6f6 !important;}&#8220;][vc_column][vc_row_inner row_type=&#8220;row&#8220; type=&#8220;full_width&#8220; text_align=&#8220;left&#8220; css_animation=&#8220;&#8220;][vc_column_inner width=&#8220;1\/2&#8243;][vc_column_text] Umfassen Sie Ihren Aufenthalt, wir bieten viel mehr als nur eine Unterkunft &#8230; [vc_empty_space height=&#8220;15px&#8220;] [\/vc_column_text][vc_empty_space height=&#8220;50px&#8220;][\/vc_column_inner][vc_column_inner width=&#8220;1\/4&#8243;][\/vc_column_inner][vc_column_inner width=&#8220;1\/4&#8243;][\/vc_column_inner][\/vc_row_inner][vc_row_inner row_type=&#8220;row&#8220; type=&#8220;full_width&#8220; text_align=&#8220;left&#8220; css_animation=&#8220;&#8220; css=&#8220;.vc_custom_1540555824313{padding-top:&#8230;<\/p>\n","protected":false},"author":1,"featured_media":0,"parent":0,"menu_order":0,"comment_status":"closed","ping_status":"closed","template":"full_width.php","meta":{"_joinchat":[],"footnotes":""},"class_list":["post-961","page","type-page","status-publish","hentry"],"yoast_head":"<!-- This site is optimized with the Yoast SEO plugin v26.4 - https:\/\/yoast.com\/wordpress\/plugins\/seo\/ -->\n<title>Unsere h\u00e4user | Hotel La Fuente de la Higuera<\/title>\n<meta name=\"robots\" content=\"index, follow, max-snippet:-1, max-image-preview:large, max-video-preview:-1\" \/>\n<link rel=\"canonical\" href=\"https:\/\/www.hotellafuente.com\/de\/unsere-haeuser\/\" \/>\n<meta property=\"og:locale\" content=\"de_DE\" \/>\n<meta property=\"og:type\" content=\"article\" \/>\n<meta property=\"og:title\" content=\"Unsere h\u00e4user | Hotel La Fuente de la Higuera\" \/>\n<meta property=\"og:description\" content=\"[vc_row css_animation=&#8220;&#8220; row_type=&#8220;row&#8220; use_row_as_full_screen_section=&#8220;no&#8220; type=&#8220;grid&#8220; angled_section=&#8220;no&#8220; text_align=&#8220;left&#8220; background_image_as_pattern=&#8220;without_pattern&#8220; z_index=&#8220;&#8220; css=&#8220;.vc_custom_1540555975723{padding-top: 9% !important;padding-bottom: 9% !important;background-color: #f6f6f6 !important;}&#8220;][vc_column][vc_row_inner row_type=&#8220;row&#8220; type=&#8220;full_width&#8220; text_align=&#8220;left&#8220; css_animation=&#8220;&#8220;][vc_column_inner width=&#8220;1\/2&#8243;][vc_column_text] Umfassen Sie Ihren Aufenthalt, wir bieten viel mehr als nur eine Unterkunft &#8230; [vc_empty_space height=&#8220;15px&#8220;] [\/vc_column_text][vc_empty_space height=&#8220;50px&#8220;][\/vc_column_inner][vc_column_inner width=&#8220;1\/4&#8243;][\/vc_column_inner][vc_column_inner width=&#8220;1\/4&#8243;][\/vc_column_inner][\/vc_row_inner][vc_row_inner row_type=&#8220;row&#8220; type=&#8220;full_width&#8220; text_align=&#8220;left&#8220; css_animation=&#8220;&#8220; css=&#8220;.vc_custom_1540555824313{padding-top:...\" \/>\n<meta property=\"og:url\" content=\"https:\/\/www.hotellafuente.com\/de\/unsere-haeuser\/\" \/>\n<meta property=\"og:site_name\" content=\"Hotel La Fuente de la Higuera\" \/>\n<meta property=\"article:publisher\" content=\"https:\/\/www.facebook.com\/Hotel-la-Fuente-de-la-Higuera-1873651042879969\/\" \/>\n<meta property=\"article:modified_time\" content=\"2022-03-02T14:16:41+00:00\" \/>\n<meta name=\"twitter:card\" content=\"summary_large_image\" \/>\n<meta name=\"twitter:label1\" content=\"Gesch\u00e4tzte Lesezeit\" \/>\n\t<meta name=\"twitter:data1\" content=\"2\u00a0Minuten\" \/>\n<script type=\"application\/ld+json\" class=\"yoast-schema-graph\">{\"@context\":\"https:\/\/schema.org\",\"@graph\":[{\"@type\":\"WebPage\",\"@id\":\"https:\/\/www.hotellafuente.com\/de\/unsere-haeuser\/\",\"url\":\"https:\/\/www.hotellafuente.com\/de\/unsere-haeuser\/\",\"name\":\"Unsere h\u00e4user | Hotel La Fuente de la Higuera\",\"isPartOf\":{\"@id\":\"https:\/\/www.hotellafuente.com\/de\/#website\"},\"datePublished\":\"2018-06-20T08:37:56+00:00\",\"dateModified\":\"2022-03-02T14:16:41+00:00\",\"breadcrumb\":{\"@id\":\"https:\/\/www.hotellafuente.com\/de\/unsere-haeuser\/#breadcrumb\"},\"inLanguage\":\"de\",\"potentialAction\":[{\"@type\":\"ReadAction\",\"target\":[\"https:\/\/www.hotellafuente.com\/de\/unsere-haeuser\/\"]}]},{\"@type\":\"BreadcrumbList\",\"@id\":\"https:\/\/www.hotellafuente.com\/de\/unsere-haeuser\/#breadcrumb\",\"itemListElement\":[{\"@type\":\"ListItem\",\"position\":1,\"name\":\"Portada\",\"item\":\"https:\/\/www.hotellafuente.com\/de\/\"},{\"@type\":\"ListItem\",\"position\":2,\"name\":\"Unsere h\u00e4user\"}]},{\"@type\":\"WebSite\",\"@id\":\"https:\/\/www.hotellafuente.com\/de\/#website\",\"url\":\"https:\/\/www.hotellafuente.com\/de\/\",\"name\":\"Hotel La Fuente de la Higuera\",\"description\":\"Hotel La Fuente de la Higuera | Web Official | Ronda\",\"publisher\":{\"@id\":\"https:\/\/www.hotellafuente.com\/de\/#organization\"},\"potentialAction\":[{\"@type\":\"SearchAction\",\"target\":{\"@type\":\"EntryPoint\",\"urlTemplate\":\"https:\/\/www.hotellafuente.com\/de\/?s={search_term_string}\"},\"query-input\":{\"@type\":\"PropertyValueSpecification\",\"valueRequired\":true,\"valueName\":\"search_term_string\"}}],\"inLanguage\":\"de\"},{\"@type\":\"Organization\",\"@id\":\"https:\/\/www.hotellafuente.com\/de\/#organization\",\"name\":\"Hotel La Fuente de la Higuera\",\"url\":\"https:\/\/www.hotellafuente.com\/de\/\",\"logo\":{\"@type\":\"ImageObject\",\"inLanguage\":\"de\",\"@id\":\"https:\/\/www.hotellafuente.com\/de\/#\/schema\/logo\/image\/\",\"url\":\"https:\/\/i1.wp.com\/www.hotellafuente.com\/wp-content\/uploads\/2018\/11\/fuente-de-la-higuera-hotel-ronda-logo-3.png?fit=208%2C180&ssl=1\",\"contentUrl\":\"https:\/\/i1.wp.com\/www.hotellafuente.com\/wp-content\/uploads\/2018\/11\/fuente-de-la-higuera-hotel-ronda-logo-3.png?fit=208%2C180&ssl=1\",\"width\":208,\"height\":180,\"caption\":\"Hotel La Fuente de la Higuera\"},\"image\":{\"@id\":\"https:\/\/www.hotellafuente.com\/de\/#\/schema\/logo\/image\/\"},\"sameAs\":[\"https:\/\/www.facebook.com\/Hotel-la-Fuente-de-la-Higuera-1873651042879969\/\",\"https:\/\/www.instagram.com\/hotelfuentedelahiguera\/\"]}]}<\/script>\n<!-- \/ Yoast SEO plugin. -->","yoast_head_json":{"title":"Unsere h\u00e4user | Hotel La Fuente de la Higuera","robots":{"index":"index","follow":"follow","max-snippet":"max-snippet:-1","max-image-preview":"max-image-preview:large","max-video-preview":"max-video-preview:-1"},"canonical":"https:\/\/www.hotellafuente.com\/de\/unsere-haeuser\/","og_locale":"de_DE","og_type":"article","og_title":"Unsere h\u00e4user | Hotel La Fuente de la Higuera","og_description":"[vc_row css_animation=&#8220;&#8220; row_type=&#8220;row&#8220; use_row_as_full_screen_section=&#8220;no&#8220; type=&#8220;grid&#8220; angled_section=&#8220;no&#8220; text_align=&#8220;left&#8220; background_image_as_pattern=&#8220;without_pattern&#8220; z_index=&#8220;&#8220; css=&#8220;.vc_custom_1540555975723{padding-top: 9% !important;padding-bottom: 9% !important;background-color: #f6f6f6 !important;}&#8220;][vc_column][vc_row_inner row_type=&#8220;row&#8220; type=&#8220;full_width&#8220; text_align=&#8220;left&#8220; css_animation=&#8220;&#8220;][vc_column_inner width=&#8220;1\/2&#8243;][vc_column_text] Umfassen Sie Ihren Aufenthalt, wir bieten viel mehr als nur eine Unterkunft &#8230; [vc_empty_space height=&#8220;15px&#8220;] [\/vc_column_text][vc_empty_space height=&#8220;50px&#8220;][\/vc_column_inner][vc_column_inner width=&#8220;1\/4&#8243;][\/vc_column_inner][vc_column_inner width=&#8220;1\/4&#8243;][\/vc_column_inner][\/vc_row_inner][vc_row_inner row_type=&#8220;row&#8220; type=&#8220;full_width&#8220; text_align=&#8220;left&#8220; css_animation=&#8220;&#8220; css=&#8220;.vc_custom_1540555824313{padding-top:...","og_url":"https:\/\/www.hotellafuente.com\/de\/unsere-haeuser\/","og_site_name":"Hotel La Fuente de la Higuera","article_publisher":"https:\/\/www.facebook.com\/Hotel-la-Fuente-de-la-Higuera-1873651042879969\/","article_modified_time":"2022-03-02T14:16:41+00:00","twitter_card":"summary_large_image","twitter_misc":{"Gesch\u00e4tzte Lesezeit":"2\u00a0Minuten"},"schema":{"@context":"https:\/\/schema.org","@graph":[{"@type":"WebPage","@id":"https:\/\/www.hotellafuente.com\/de\/unsere-haeuser\/","url":"https:\/\/www.hotellafuente.com\/de\/unsere-haeuser\/","name":"Unsere h\u00e4user | Hotel La Fuente de la Higuera","isPartOf":{"@id":"https:\/\/www.hotellafuente.com\/de\/#website"},"datePublished":"2018-06-20T08:37:56+00:00","dateModified":"2022-03-02T14:16:41+00:00","breadcrumb":{"@id":"https:\/\/www.hotellafuente.com\/de\/unsere-haeuser\/#breadcrumb"},"inLanguage":"de","potentialAction":[{"@type":"ReadAction","target":["https:\/\/www.hotellafuente.com\/de\/unsere-haeuser\/"]}]},{"@type":"BreadcrumbList","@id":"https:\/\/www.hotellafuente.com\/de\/unsere-haeuser\/#breadcrumb","itemListElement":[{"@type":"ListItem","position":1,"name":"Portada","item":"https:\/\/www.hotellafuente.com\/de\/"},{"@type":"ListItem","position":2,"name":"Unsere h\u00e4user"}]},{"@type":"WebSite","@id":"https:\/\/www.hotellafuente.com\/de\/#website","url":"https:\/\/www.hotellafuente.com\/de\/","name":"Hotel La Fuente de la Higuera","description":"Hotel La Fuente de la Higuera | Web Official | Ronda","publisher":{"@id":"https:\/\/www.hotellafuente.com\/de\/#organization"},"potentialAction":[{"@type":"SearchAction","target":{"@type":"EntryPoint","urlTemplate":"https:\/\/www.hotellafuente.com\/de\/?s={search_term_string}"},"query-input":{"@type":"PropertyValueSpecification","valueRequired":true,"valueName":"search_term_string"}}],"inLanguage":"de"},{"@type":"Organization","@id":"https:\/\/www.hotellafuente.com\/de\/#organization","name":"Hotel La Fuente de la Higuera","url":"https:\/\/www.hotellafuente.com\/de\/","logo":{"@type":"ImageObject","inLanguage":"de","@id":"https:\/\/www.hotellafuente.com\/de\/#\/schema\/logo\/image\/","url":"https:\/\/i1.wp.com\/www.hotellafuente.com\/wp-content\/uploads\/2018\/11\/fuente-de-la-higuera-hotel-ronda-logo-3.png?fit=208%2C180&ssl=1","contentUrl":"https:\/\/i1.wp.com\/www.hotellafuente.com\/wp-content\/uploads\/2018\/11\/fuente-de-la-higuera-hotel-ronda-logo-3.png?fit=208%2C180&ssl=1","width":208,"height":180,"caption":"Hotel La Fuente de la Higuera"},"image":{"@id":"https:\/\/www.hotellafuente.com\/de\/#\/schema\/logo\/image\/"},"sameAs":["https:\/\/www.facebook.com\/Hotel-la-Fuente-de-la-Higuera-1873651042879969\/","https:\/\/www.instagram.com\/hotelfuentedelahiguera\/"]}]}},"jetpack_sharing_enabled":true,"_links":{"self":[{"href":"https:\/\/www.hotellafuente.com\/de\/wp-json\/wp\/v2\/pages\/961","targetHints":{"allow":["GET"]}}],"collection":[{"href":"https:\/\/www.hotellafuente.com\/de\/wp-json\/wp\/v2\/pages"}],"about":[{"href":"https:\/\/www.hotellafuente.com\/de\/wp-json\/wp\/v2\/types\/page"}],"author":[{"embeddable":true,"href":"https:\/\/www.hotellafuente.com\/de\/wp-json\/wp\/v2\/users\/1"}],"replies":[{"embeddable":true,"href":"https:\/\/www.hotellafuente.com\/de\/wp-json\/wp\/v2\/comments?post=961"}],"version-history":[{"count":9,"href":"https:\/\/www.hotellafuente.com\/de\/wp-json\/wp\/v2\/pages\/961\/revisions"}],"predecessor-version":[{"id":4406,"href":"https:\/\/www.hotellafuente.com\/de\/wp-json\/wp\/v2\/pages\/961\/revisions\/4406"}],"wp:attachment":[{"href":"https:\/\/www.hotellafuente.com\/de\/wp-json\/wp\/v2\/media?parent=961"}],"curies":[{"name":"wp","href":"https:\/\/api.w.org\/{rel}","templated":true}]}}