{"id":963,"date":"2018-06-20T08:37:56","date_gmt":"2018-06-20T08:37:56","guid":{"rendered":"https:\/\/www.hotellafuente.com\/facilities\/"},"modified":"2025-08-25T16:33:47","modified_gmt":"2025-08-25T16:33:47","slug":"instalaciones","status":"publish","type":"page","link":"https:\/\/www.hotellafuente.com\/es\/instalaciones\/","title":{"rendered":"Instalaciones"},"content":{"rendered":"<div class=\"wpb-content-wrapper\"><p>[vc_row css_animation=\u00bb\u00bb row_type=\u00bbrow\u00bb use_row_as_full_screen_section=\u00bbno\u00bb type=\u00bbgrid\u00bb angled_section=\u00bbno\u00bb text_align=\u00bbleft\u00bb background_image_as_pattern=\u00bbwithout_pattern\u00bb z_index=\u00bb\u00bb css=\u00bb.vc_custom_1540555975723{padding-top: 9% !important;padding-bottom: 9% !important;background-color: #f6f6f6 !important;}\u00bb][vc_column][vc_row_inner row_type=\u00bbrow\u00bb type=\u00bbfull_width\u00bb text_align=\u00bbleft\u00bb css_animation=\u00bb\u00bb][vc_column_inner width=\u00bb1\/2&#8243;][vc_column_text]<\/p>\n<h2><span style=\"color: #9a7a26;\"><strong>Aproveche su estancia, le ofrecemos mucho m\u00e1s que alojamiento &#8230;<\/strong><\/span><\/h2>\n<p>[vc_empty_space height=\u00bb15px\u00bb]<br \/>\n<a  itemprop=\"url\" href=\"\/es\/book\" target=\"_self\"  class=\"qbutton  default\" style=\"\">Reservar<\/a>[\/vc_column_text][vc_empty_space height=\u00bb50px\u00bb][\/vc_column_inner][vc_column_inner width=\u00bb1\/4&#8243;]<div class=\"q_icon_list\"><p style=\"font-size: 18px;font-weight: 400;margin-bottom: 25px;\">Conexi\u00f3n Wi-Fi est\u00e1 disponible en todas las \u00e1reas y es gratuito.<\/p><\/div><div class=\"q_icon_list\"><p style=\"font-size: 18px;font-weight: 400;margin-bottom: 25px;\">Relaxation: Masaje<\/p><\/div><div class=\"q_icon_list\"><p style=\"font-size: 18px;font-weight: 400;margin-bottom: 25px;\">Terraza privada propia: disponible en todas las habitaciones<\/p><\/div><div class=\"q_icon_list\"><p style=\"font-size: 18px;font-weight: 400;margin-bottom: 25px;\">Las chimeneas est\u00e1n disponibles en la mayor\u00eda de nuestras habitaciones.<\/p><\/div><div class=\"q_icon_list\"><p style=\"font-size: 18px;font-weight: 400;margin-bottom: 25px;\">Alimentos y bebidas; Restaurante, Bar, Servicio a la habitaci\u00f3n, Men\u00fas diet\u00e9ticos (bajo petici\u00f3n) y Almuerzos para llevar.<\/p><\/div><div class=\"q_icon_list\"><p style=\"font-size: 18px;font-weight: 400;margin-bottom: 25px;\">Piscina exterior<\/p><\/div><div class=\"q_icon_list\"><p style=\"font-size: 18px;font-weight: 400;margin-bottom: 25px;\">Excursiones guiadas privadas bajo petici\u00f3n<\/p><\/div><div class=\"q_icon_list\"><p style=\"font-size: 18px;font-weight: 400;margin-bottom: 25px;\">Visitas guiadas privadas en bicicleta bajo petici\u00f3n<\/p><\/div><div class=\"q_icon_list\"><p style=\"font-size: 18px;font-weight: 400;margin-bottom: 25px;\">Cata de vinos bajo petici\u00f3n<\/p><\/div>[\/vc_column_inner][vc_column_inner width=\u00bb1\/4&#8243;]<div class=\"q_icon_list\"><p style=\"font-size: 18px;font-weight: 400;margin-bottom: 25px;\">Aparcamiento p\u00fablico gratuito disponible en el sitio (no es necesario reservar)<\/p><\/div><div class=\"q_icon_list\"><p style=\"font-size: 18px;font-weight: 400;margin-bottom: 25px;\">Cargador de destino gratuito para autom\u00f3viles y veh\u00edculos el\u00e9ctricos de Tesla (solo para hu\u00e9spedes residentes)<\/p><\/div><div class=\"q_icon_list\"><p style=\"font-size: 18px;font-weight: 400;margin-bottom: 25px;\">Registro temprano: los hu\u00e9spedes pueden llegar en cualquier momento para descansar en la piscina o almorzar en la terraza<\/p><\/div><div class=\"q_icon_list\"><p style=\"font-size: 18px;font-weight: 400;margin-bottom: 25px;\">Check-out tard\u00edo: preg\u00fantenos en la ma\u00f1ana de su salida si es posible un registro de salida tard\u00edo.<\/p><\/div><div class=\"q_icon_list\"><p style=\"font-size: 18px;font-weight: 400;margin-bottom: 25px;\">Manicura y pedicura bajo petici\u00f3n<\/p><\/div><div class=\"q_icon_list\"><p style=\"font-size: 18px;font-weight: 400;margin-bottom: 25px;\">Paseo en caballos bajo petici\u00f3n<\/p><\/div><div class=\"q_icon_list\"><p style=\"font-size: 18px;font-weight: 400;margin-bottom: 25px;\">Masaje bajo petici\u00f3n<\/p><\/div>[\/vc_column_inner][\/vc_row_inner][vc_row_inner row_type=\u00bbrow\u00bb type=\u00bbfull_width\u00bb text_align=\u00bbleft\u00bb css_animation=\u00bb\u00bb css=\u00bb.vc_custom_1540555824313{padding-top: 16% !important;}\u00bb][vc_column_inner width=\u00bb1\/2&#8243;][vc_single_image image=\u00bb2892&#8243; img_size=\u00bbfull\u00bb qode_css_animation=\u00bb\u00bb][vc_empty_space height=\u00bb50px\u00bb][\/vc_column_inner][vc_column_inner width=\u00bb1\/2&#8243;][vc_single_image image=\u00bb2835&#8243; img_size=\u00bbfull\u00bb qode_css_animation=\u00bb\u00bb][\/vc_column_inner][\/vc_row_inner][\/vc_column][\/vc_row]<\/p>\n<\/div>","protected":false},"excerpt":{"rendered":"<p>[vc_row css_animation=\u00bb\u00bb row_type=\u00bbrow\u00bb use_row_as_full_screen_section=\u00bbno\u00bb type=\u00bbgrid\u00bb angled_section=\u00bbno\u00bb text_align=\u00bbleft\u00bb background_image_as_pattern=\u00bbwithout_pattern\u00bb z_index=\u00bb\u00bb css=\u00bb.vc_custom_1540555975723{padding-top: 9% !important;padding-bottom: 9% !important;background-color: #f6f6f6 !important;}\u00bb][vc_column][vc_row_inner row_type=\u00bbrow\u00bb type=\u00bbfull_width\u00bb text_align=\u00bbleft\u00bb css_animation=\u00bb\u00bb][vc_column_inner width=\u00bb1\/2&#8243;][vc_column_text] Aproveche su estancia, le ofrecemos mucho m\u00e1s que alojamiento &#8230; [vc_empty_space height=\u00bb15px\u00bb] [\/vc_column_text][vc_empty_space height=\u00bb50px\u00bb][\/vc_column_inner][vc_column_inner width=\u00bb1\/4&#8243;][\/vc_column_inner][vc_column_inner width=\u00bb1\/4&#8243;][\/vc_column_inner][\/vc_row_inner][vc_row_inner row_type=\u00bbrow\u00bb type=\u00bbfull_width\u00bb text_align=\u00bbleft\u00bb css_animation=\u00bb\u00bb css=\u00bb.vc_custom_1540555824313{padding-top: 16% !important;}\u00bb][vc_column_inner width=\u00bb1\/2&#8243;][vc_single_image&#8230;<\/p>\n","protected":false},"author":1,"featured_media":0,"parent":0,"menu_order":0,"comment_status":"closed","ping_status":"closed","template":"full_width.php","meta":{"_joinchat":[],"footnotes":""},"class_list":["post-963","page","type-page","status-publish","hentry"],"yoast_head":"<!-- This site is optimized with the Yoast SEO plugin v26.4 - https:\/\/yoast.com\/wordpress\/plugins\/seo\/ -->\n<title>Instalaciones | Hotel La Fuente de la Higuera<\/title>\n<meta name=\"robots\" content=\"index, follow, max-snippet:-1, max-image-preview:large, max-video-preview:-1\" \/>\n<link rel=\"canonical\" href=\"https:\/\/www.hotellafuente.com\/es\/instalaciones\/\" \/>\n<meta property=\"og:locale\" content=\"es_ES\" \/>\n<meta property=\"og:type\" content=\"article\" \/>\n<meta property=\"og:title\" content=\"Instalaciones | Hotel La Fuente de la Higuera\" \/>\n<meta property=\"og:description\" content=\"[vc_row css_animation=\u00bb\u00bb row_type=\u00bbrow\u00bb use_row_as_full_screen_section=\u00bbno\u00bb type=\u00bbgrid\u00bb angled_section=\u00bbno\u00bb text_align=\u00bbleft\u00bb background_image_as_pattern=\u00bbwithout_pattern\u00bb z_index=\u00bb\u00bb css=\u00bb.vc_custom_1540555975723{padding-top: 9% !important;padding-bottom: 9% !important;background-color: #f6f6f6 !important;}\u00bb][vc_column][vc_row_inner row_type=\u00bbrow\u00bb type=\u00bbfull_width\u00bb text_align=\u00bbleft\u00bb css_animation=\u00bb\u00bb][vc_column_inner width=\u00bb1\/2&#8243;][vc_column_text] Aproveche su estancia, le ofrecemos mucho m\u00e1s que alojamiento &#8230; [vc_empty_space height=\u00bb15px\u00bb] [\/vc_column_text][vc_empty_space height=\u00bb50px\u00bb][\/vc_column_inner][vc_column_inner width=\u00bb1\/4&#8243;][\/vc_column_inner][vc_column_inner width=\u00bb1\/4&#8243;][\/vc_column_inner][\/vc_row_inner][vc_row_inner row_type=\u00bbrow\u00bb type=\u00bbfull_width\u00bb text_align=\u00bbleft\u00bb css_animation=\u00bb\u00bb css=\u00bb.vc_custom_1540555824313{padding-top: 16% !important;}\u00bb][vc_column_inner width=\u00bb1\/2&#8243;][vc_single_image...\" \/>\n<meta property=\"og:url\" content=\"https:\/\/www.hotellafuente.com\/es\/instalaciones\/\" \/>\n<meta property=\"og:site_name\" content=\"Hotel La Fuente de la Higuera\" \/>\n<meta property=\"article:publisher\" content=\"https:\/\/www.facebook.com\/Hotel-la-Fuente-de-la-Higuera-1873651042879969\/\" \/>\n<meta property=\"article:modified_time\" content=\"2025-08-25T16:33:47+00:00\" \/>\n<meta name=\"twitter:card\" content=\"summary_large_image\" \/>\n<meta name=\"twitter:label1\" content=\"Tiempo de lectura\" \/>\n\t<meta name=\"twitter:data1\" content=\"2 minutos\" \/>\n<script type=\"application\/ld+json\" class=\"yoast-schema-graph\">{\"@context\":\"https:\/\/schema.org\",\"@graph\":[{\"@type\":\"WebPage\",\"@id\":\"https:\/\/www.hotellafuente.com\/es\/instalaciones\/\",\"url\":\"https:\/\/www.hotellafuente.com\/es\/instalaciones\/\",\"name\":\"Instalaciones | Hotel La Fuente de la Higuera\",\"isPartOf\":{\"@id\":\"https:\/\/www.hotellafuente.com\/es\/#website\"},\"datePublished\":\"2018-06-20T08:37:56+00:00\",\"dateModified\":\"2025-08-25T16:33:47+00:00\",\"breadcrumb\":{\"@id\":\"https:\/\/www.hotellafuente.com\/es\/instalaciones\/#breadcrumb\"},\"inLanguage\":\"es\",\"potentialAction\":[{\"@type\":\"ReadAction\",\"target\":[\"https:\/\/www.hotellafuente.com\/es\/instalaciones\/\"]}]},{\"@type\":\"BreadcrumbList\",\"@id\":\"https:\/\/www.hotellafuente.com\/es\/instalaciones\/#breadcrumb\",\"itemListElement\":[{\"@type\":\"ListItem\",\"position\":1,\"name\":\"Portada\",\"item\":\"https:\/\/www.hotellafuente.com\/es\/\"},{\"@type\":\"ListItem\",\"position\":2,\"name\":\"Instalaciones\"}]},{\"@type\":\"WebSite\",\"@id\":\"https:\/\/www.hotellafuente.com\/es\/#website\",\"url\":\"https:\/\/www.hotellafuente.com\/es\/\",\"name\":\"Hotel La Fuente de la Higuera\",\"description\":\"Hotel La Fuente de la Higuera | Web Official | Ronda\",\"publisher\":{\"@id\":\"https:\/\/www.hotellafuente.com\/es\/#organization\"},\"potentialAction\":[{\"@type\":\"SearchAction\",\"target\":{\"@type\":\"EntryPoint\",\"urlTemplate\":\"https:\/\/www.hotellafuente.com\/es\/?s={search_term_string}\"},\"query-input\":{\"@type\":\"PropertyValueSpecification\",\"valueRequired\":true,\"valueName\":\"search_term_string\"}}],\"inLanguage\":\"es\"},{\"@type\":\"Organization\",\"@id\":\"https:\/\/www.hotellafuente.com\/es\/#organization\",\"name\":\"Hotel La Fuente de la Higuera\",\"url\":\"https:\/\/www.hotellafuente.com\/es\/\",\"logo\":{\"@type\":\"ImageObject\",\"inLanguage\":\"es\",\"@id\":\"https:\/\/www.hotellafuente.com\/es\/#\/schema\/logo\/image\/\",\"url\":\"https:\/\/i1.wp.com\/www.hotellafuente.com\/wp-content\/uploads\/2018\/11\/fuente-de-la-higuera-hotel-ronda-logo-3.png?fit=208%2C180&ssl=1\",\"contentUrl\":\"https:\/\/i1.wp.com\/www.hotellafuente.com\/wp-content\/uploads\/2018\/11\/fuente-de-la-higuera-hotel-ronda-logo-3.png?fit=208%2C180&ssl=1\",\"width\":208,\"height\":180,\"caption\":\"Hotel La Fuente de la Higuera\"},\"image\":{\"@id\":\"https:\/\/www.hotellafuente.com\/es\/#\/schema\/logo\/image\/\"},\"sameAs\":[\"https:\/\/www.facebook.com\/Hotel-la-Fuente-de-la-Higuera-1873651042879969\/\",\"https:\/\/www.instagram.com\/hotelfuentedelahiguera\/\"]}]}<\/script>\n<!-- \/ Yoast SEO plugin. -->","yoast_head_json":{"title":"Instalaciones | Hotel La Fuente de la Higuera","robots":{"index":"index","follow":"follow","max-snippet":"max-snippet:-1","max-image-preview":"max-image-preview:large","max-video-preview":"max-video-preview:-1"},"canonical":"https:\/\/www.hotellafuente.com\/es\/instalaciones\/","og_locale":"es_ES","og_type":"article","og_title":"Instalaciones | Hotel La Fuente de la Higuera","og_description":"[vc_row css_animation=\u00bb\u00bb row_type=\u00bbrow\u00bb use_row_as_full_screen_section=\u00bbno\u00bb type=\u00bbgrid\u00bb angled_section=\u00bbno\u00bb text_align=\u00bbleft\u00bb background_image_as_pattern=\u00bbwithout_pattern\u00bb z_index=\u00bb\u00bb css=\u00bb.vc_custom_1540555975723{padding-top: 9% !important;padding-bottom: 9% !important;background-color: #f6f6f6 !important;}\u00bb][vc_column][vc_row_inner row_type=\u00bbrow\u00bb type=\u00bbfull_width\u00bb text_align=\u00bbleft\u00bb css_animation=\u00bb\u00bb][vc_column_inner width=\u00bb1\/2&#8243;][vc_column_text] Aproveche su estancia, le ofrecemos mucho m\u00e1s que alojamiento &#8230; [vc_empty_space height=\u00bb15px\u00bb] [\/vc_column_text][vc_empty_space height=\u00bb50px\u00bb][\/vc_column_inner][vc_column_inner width=\u00bb1\/4&#8243;][\/vc_column_inner][vc_column_inner width=\u00bb1\/4&#8243;][\/vc_column_inner][\/vc_row_inner][vc_row_inner row_type=\u00bbrow\u00bb type=\u00bbfull_width\u00bb text_align=\u00bbleft\u00bb css_animation=\u00bb\u00bb css=\u00bb.vc_custom_1540555824313{padding-top: 16% !important;}\u00bb][vc_column_inner width=\u00bb1\/2&#8243;][vc_single_image...","og_url":"https:\/\/www.hotellafuente.com\/es\/instalaciones\/","og_site_name":"Hotel La Fuente de la Higuera","article_publisher":"https:\/\/www.facebook.com\/Hotel-la-Fuente-de-la-Higuera-1873651042879969\/","article_modified_time":"2025-08-25T16:33:47+00:00","twitter_card":"summary_large_image","twitter_misc":{"Tiempo de lectura":"2 minutos"},"schema":{"@context":"https:\/\/schema.org","@graph":[{"@type":"WebPage","@id":"https:\/\/www.hotellafuente.com\/es\/instalaciones\/","url":"https:\/\/www.hotellafuente.com\/es\/instalaciones\/","name":"Instalaciones | Hotel La Fuente de la Higuera","isPartOf":{"@id":"https:\/\/www.hotellafuente.com\/es\/#website"},"datePublished":"2018-06-20T08:37:56+00:00","dateModified":"2025-08-25T16:33:47+00:00","breadcrumb":{"@id":"https:\/\/www.hotellafuente.com\/es\/instalaciones\/#breadcrumb"},"inLanguage":"es","potentialAction":[{"@type":"ReadAction","target":["https:\/\/www.hotellafuente.com\/es\/instalaciones\/"]}]},{"@type":"BreadcrumbList","@id":"https:\/\/www.hotellafuente.com\/es\/instalaciones\/#breadcrumb","itemListElement":[{"@type":"ListItem","position":1,"name":"Portada","item":"https:\/\/www.hotellafuente.com\/es\/"},{"@type":"ListItem","position":2,"name":"Instalaciones"}]},{"@type":"WebSite","@id":"https:\/\/www.hotellafuente.com\/es\/#website","url":"https:\/\/www.hotellafuente.com\/es\/","name":"Hotel La Fuente de la Higuera","description":"Hotel La Fuente de la Higuera | Web Official | Ronda","publisher":{"@id":"https:\/\/www.hotellafuente.com\/es\/#organization"},"potentialAction":[{"@type":"SearchAction","target":{"@type":"EntryPoint","urlTemplate":"https:\/\/www.hotellafuente.com\/es\/?s={search_term_string}"},"query-input":{"@type":"PropertyValueSpecification","valueRequired":true,"valueName":"search_term_string"}}],"inLanguage":"es"},{"@type":"Organization","@id":"https:\/\/www.hotellafuente.com\/es\/#organization","name":"Hotel La Fuente de la Higuera","url":"https:\/\/www.hotellafuente.com\/es\/","logo":{"@type":"ImageObject","inLanguage":"es","@id":"https:\/\/www.hotellafuente.com\/es\/#\/schema\/logo\/image\/","url":"https:\/\/i1.wp.com\/www.hotellafuente.com\/wp-content\/uploads\/2018\/11\/fuente-de-la-higuera-hotel-ronda-logo-3.png?fit=208%2C180&ssl=1","contentUrl":"https:\/\/i1.wp.com\/www.hotellafuente.com\/wp-content\/uploads\/2018\/11\/fuente-de-la-higuera-hotel-ronda-logo-3.png?fit=208%2C180&ssl=1","width":208,"height":180,"caption":"Hotel La Fuente de la Higuera"},"image":{"@id":"https:\/\/www.hotellafuente.com\/es\/#\/schema\/logo\/image\/"},"sameAs":["https:\/\/www.facebook.com\/Hotel-la-Fuente-de-la-Higuera-1873651042879969\/","https:\/\/www.instagram.com\/hotelfuentedelahiguera\/"]}]}},"jetpack_sharing_enabled":true,"_links":{"self":[{"href":"https:\/\/www.hotellafuente.com\/es\/wp-json\/wp\/v2\/pages\/963","targetHints":{"allow":["GET"]}}],"collection":[{"href":"https:\/\/www.hotellafuente.com\/es\/wp-json\/wp\/v2\/pages"}],"about":[{"href":"https:\/\/www.hotellafuente.com\/es\/wp-json\/wp\/v2\/types\/page"}],"author":[{"embeddable":true,"href":"https:\/\/www.hotellafuente.com\/es\/wp-json\/wp\/v2\/users\/1"}],"replies":[{"embeddable":true,"href":"https:\/\/www.hotellafuente.com\/es\/wp-json\/wp\/v2\/comments?post=963"}],"version-history":[{"count":9,"href":"https:\/\/www.hotellafuente.com\/es\/wp-json\/wp\/v2\/pages\/963\/revisions"}],"predecessor-version":[{"id":5527,"href":"https:\/\/www.hotellafuente.com\/es\/wp-json\/wp\/v2\/pages\/963\/revisions\/5527"}],"wp:attachment":[{"href":"https:\/\/www.hotellafuente.com\/es\/wp-json\/wp\/v2\/media?parent=963"}],"curies":[{"name":"wp","href":"https:\/\/api.w.org\/{rel}","templated":true}]}}