{"id":2192,"date":"2018-12-03T10:07:53","date_gmt":"2018-12-03T10:07:53","guid":{"rendered":"https:\/\/www.hotellafuente.com\/the-lodge-ronda\/"},"modified":"2020-04-20T11:45:06","modified_gmt":"2020-04-20T11:45:06","slug":"the-lodge-ronda","status":"publish","type":"page","link":"https:\/\/www.hotellafuente.com\/fr\/the-lodge-ronda\/","title":{"rendered":"The Lodge Ronda"},"content":{"rendered":"<div class=\"wpb-content-wrapper\"><p>[vc_row css_animation=\u00a0\u00bb\u00a0\u00bb row_type=\u00a0\u00bbrow\u00a0\u00bb use_row_as_full_screen_section=\u00a0\u00bbyes\u00a0\u00bb type=\u00a0\u00bbfull_width\u00a0\u00bb angled_section=\u00a0\u00bbno\u00a0\u00bb text_align=\u00a0\u00bbleft\u00a0\u00bb background_image_as_pattern=\u00a0\u00bbwithout_pattern\u00a0\u00bb z_index=\u00a0\u00bb\u00a0\u00bb css=\u00a0\u00bb.vc_custom_1543501032396{background-image: url(https:\/\/www.hotellafuente.com\/wp-content\/uploads\/2018\/11\/The-Lodge-Ronda-galeria-14.jpg?id=1121) !important;}\u00a0\u00bb el_id=\u00a0\u00bbbook-now\u00a0\u00bb][vc_column width=\u00a0\u00bb1\/3&Prime;][\/vc_column][vc_column width=\u00a0\u00bb1\/3&Prime;][vc_row_inner row_type=\u00a0\u00bbrow\u00a0\u00bb type=\u00a0\u00bbfull_width\u00a0\u00bb text_align=\u00a0\u00bbcenter\u00a0\u00bb css_animation=\u00a0\u00bb\u00a0\u00bb][vc_column_inner css=\u00a0\u00bb.vc_custom_1540291739514{padding-top: 30px !important;padding-right: 30px !important;padding-bottom: 30px !important;padding-left: 30px !important;background-color: rgba(255,255,255,0.9) !important;*background-color: rgb(255,255,255) !important;border-radius: 3px !important;}\u00a0\u00bb][vc_column_text]<\/p>\n<h2><span style=\"color: #c5311e;\">The Lodge Ronda<\/span><\/h2>\n<p>[\/vc_column_text][vc_empty_space height=\u00a0\u00bb22px\u00a0\u00bb][vc_column_text]Si vous envisagez de venir visiter l&rsquo;Andalousie avec quelques amis ou votre famille, sachez que<strong> vous pouvez r\u00e9server notre h\u00f4tel jusqu&rsquo;\u00e0 24 personnes exclusivement<\/strong>, sans autre client que le v\u00f4tre, ou si vous \u00eates jusqu&rsquo;\u00e0 14 personnes, vous pouvez jeter un coup d&rsquo;\u0153il \u00e0 la petite maison s\u0153ur de notre h\u00f4tel :<br \/>\nLe Lodge Ronda.[\/vc_column_text][vc_empty_space height=\u00a0\u00bb22px\u00a0\u00bb][vc_column_text]<strong>Cette grande maison de campagne peut \u00eatre r\u00e9serv\u00e9e exclusivement.<\/strong><br \/>\nLe lien ci-dessous vous m\u00e8nera \u00e0 travers la maison et les jardins, les salles de yoga et de massage.[\/vc_column_text][vc_empty_space height=\u00a0\u00bb22px\u00a0\u00bb]<a  itemprop=\"url\" href=\"https:\/\/www.thelodgeronda.com\/fr\" target=\"_blank\"  class=\"qbutton  default\" style=\"\">D\u00e9couvrir plus<\/a>[vc_empty_space height=\u00a0\u00bb22px\u00a0\u00bb][vc_column_text]r\u00e9servations:\u00a0<a href=\"tel:Reservations:0034615690024\">+34 615 69 00 24<\/a>[\/vc_column_text][vc_empty_space height=\u00a0\u00bb22px\u00a0\u00bb][vc_column_text]<img data-recalc-dims=\"1\" decoding=\"async\" class=\"wp-image-1131 aligncenter\" src=\"https:\/\/i0.wp.com\/www.hotellafuente.com\/wp-content\/uploads\/2018\/11\/the-lodge-ronda-imagotipo.png?resize=90%2C44&#038;ssl=1\" alt=\"\" width=\"90\" height=\"44\" \/>[\/vc_column_text][\/vc_column_inner][\/vc_row_inner][\/vc_column][vc_column width=\u00a0\u00bb1\/3&Prime;][\/vc_column][\/vc_row]<\/p>\n<\/div>","protected":false},"excerpt":{"rendered":"<p>[vc_row css_animation=\u00a0\u00bb\u00a0\u00bb row_type=\u00a0\u00bbrow\u00a0\u00bb use_row_as_full_screen_section=\u00a0\u00bbyes\u00a0\u00bb type=\u00a0\u00bbfull_width\u00a0\u00bb angled_section=\u00a0\u00bbno\u00a0\u00bb text_align=\u00a0\u00bbleft\u00a0\u00bb background_image_as_pattern=\u00a0\u00bbwithout_pattern\u00a0\u00bb z_index=\u00a0\u00bb\u00a0\u00bb css=\u00a0\u00bb.vc_custom_1543501032396{background-image: url(https:\/\/www.hotellafuente.com\/wp-content\/uploads\/2018\/11\/The-Lodge-Ronda-galeria-14.jpg?id=1121) !important;}\u00a0\u00bb el_id=\u00a0\u00bbbook-now\u00a0\u00bb][vc_column width=\u00a0\u00bb1\/3&Prime;][\/vc_column][vc_column width=\u00a0\u00bb1\/3&Prime;][vc_row_inner row_type=\u00a0\u00bbrow\u00a0\u00bb type=\u00a0\u00bbfull_width\u00a0\u00bb text_align=\u00a0\u00bbcenter\u00a0\u00bb css_animation=\u00a0\u00bb\u00a0\u00bb][vc_column_inner css=\u00a0\u00bb.vc_custom_1540291739514{padding-top: 30px !important;padding-right: 30px !important;padding-bottom: 30px !important;padding-left: 30px !important;background-color: rgba(255,255,255,0.9) !important;*background-color: rgb(255,255,255) !important;border-radius: 3px !important;}\u00a0\u00bb][vc_column_text] The Lodge Ronda [\/vc_column_text][vc_empty_space height=\u00a0\u00bb22px\u00a0\u00bb][vc_column_text]Si vous envisagez de venir visiter l&rsquo;Andalousie&#8230;<\/p>\n","protected":false},"author":1,"featured_media":0,"parent":0,"menu_order":0,"comment_status":"closed","ping_status":"closed","template":"full_screen.php","meta":{"_joinchat":[],"footnotes":""},"class_list":["post-2192","page","type-page","status-publish","hentry"],"yoast_head":"<!-- This site is optimized with the Yoast SEO plugin v26.4 - https:\/\/yoast.com\/wordpress\/plugins\/seo\/ -->\n<title>The Lodge Ronda | Hotel La Fuente de la Higuera<\/title>\n<meta name=\"robots\" content=\"index, follow, max-snippet:-1, max-image-preview:large, max-video-preview:-1\" \/>\n<link rel=\"canonical\" href=\"https:\/\/www.hotellafuente.com\/fr\/the-lodge-ronda\/\" \/>\n<meta property=\"og:locale\" content=\"fr_FR\" \/>\n<meta property=\"og:type\" content=\"article\" \/>\n<meta property=\"og:title\" content=\"The Lodge Ronda | Hotel La Fuente de la Higuera\" \/>\n<meta property=\"og:description\" content=\"[vc_row css_animation=\u00a0\u00bb\u00a0\u00bb row_type=\u00a0\u00bbrow\u00a0\u00bb use_row_as_full_screen_section=\u00a0\u00bbyes\u00a0\u00bb type=\u00a0\u00bbfull_width\u00a0\u00bb angled_section=\u00a0\u00bbno\u00a0\u00bb text_align=\u00a0\u00bbleft\u00a0\u00bb background_image_as_pattern=\u00a0\u00bbwithout_pattern\u00a0\u00bb z_index=\u00a0\u00bb\u00a0\u00bb css=\u00a0\u00bb.vc_custom_1543501032396{background-image: url(https:\/\/www.hotellafuente.com\/wp-content\/uploads\/2018\/11\/The-Lodge-Ronda-galeria-14.jpg?id=1121) !important;}\u00a0\u00bb el_id=\u00a0\u00bbbook-now\u00a0\u00bb][vc_column width=\u00a0\u00bb1\/3&Prime;][\/vc_column][vc_column width=\u00a0\u00bb1\/3&Prime;][vc_row_inner row_type=\u00a0\u00bbrow\u00a0\u00bb type=\u00a0\u00bbfull_width\u00a0\u00bb text_align=\u00a0\u00bbcenter\u00a0\u00bb css_animation=\u00a0\u00bb\u00a0\u00bb][vc_column_inner css=\u00a0\u00bb.vc_custom_1540291739514{padding-top: 30px !important;padding-right: 30px !important;padding-bottom: 30px !important;padding-left: 30px !important;background-color: rgba(255,255,255,0.9) !important;*background-color: rgb(255,255,255) !important;border-radius: 3px !important;}\u00a0\u00bb][vc_column_text] The Lodge Ronda [\/vc_column_text][vc_empty_space height=\u00a0\u00bb22px\u00a0\u00bb][vc_column_text]Si vous envisagez de venir visiter l&rsquo;Andalousie...\" \/>\n<meta property=\"og:url\" content=\"https:\/\/www.hotellafuente.com\/fr\/the-lodge-ronda\/\" \/>\n<meta property=\"og:site_name\" content=\"Hotel La Fuente de la Higuera\" \/>\n<meta property=\"article:publisher\" content=\"https:\/\/www.facebook.com\/Hotel-la-Fuente-de-la-Higuera-1873651042879969\/\" \/>\n<meta property=\"article:modified_time\" content=\"2020-04-20T11:45:06+00:00\" \/>\n<meta property=\"og:image\" content=\"https:\/\/www.hotellafuente.com\/wp-content\/uploads\/2018\/11\/the-lodge-ronda-imagotipo.png\" \/>\n<meta name=\"twitter:card\" content=\"summary_large_image\" \/>\n<meta name=\"twitter:label1\" content=\"Dur\u00e9e de lecture estim\u00e9e\" \/>\n\t<meta name=\"twitter:data1\" content=\"1 minute\" \/>\n<script type=\"application\/ld+json\" class=\"yoast-schema-graph\">{\"@context\":\"https:\/\/schema.org\",\"@graph\":[{\"@type\":\"WebPage\",\"@id\":\"https:\/\/www.hotellafuente.com\/fr\/the-lodge-ronda\/\",\"url\":\"https:\/\/www.hotellafuente.com\/fr\/the-lodge-ronda\/\",\"name\":\"The Lodge Ronda | Hotel La Fuente de la Higuera\",\"isPartOf\":{\"@id\":\"https:\/\/www.hotellafuente.com\/fr\/#website\"},\"primaryImageOfPage\":{\"@id\":\"https:\/\/www.hotellafuente.com\/fr\/the-lodge-ronda\/#primaryimage\"},\"image\":{\"@id\":\"https:\/\/www.hotellafuente.com\/fr\/the-lodge-ronda\/#primaryimage\"},\"thumbnailUrl\":\"https:\/\/www.hotellafuente.com\/wp-content\/uploads\/2018\/11\/the-lodge-ronda-imagotipo.png\",\"datePublished\":\"2018-12-03T10:07:53+00:00\",\"dateModified\":\"2020-04-20T11:45:06+00:00\",\"breadcrumb\":{\"@id\":\"https:\/\/www.hotellafuente.com\/fr\/the-lodge-ronda\/#breadcrumb\"},\"inLanguage\":\"fr-FR\",\"potentialAction\":[{\"@type\":\"ReadAction\",\"target\":[\"https:\/\/www.hotellafuente.com\/fr\/the-lodge-ronda\/\"]}]},{\"@type\":\"ImageObject\",\"inLanguage\":\"fr-FR\",\"@id\":\"https:\/\/www.hotellafuente.com\/fr\/the-lodge-ronda\/#primaryimage\",\"url\":\"https:\/\/www.hotellafuente.com\/wp-content\/uploads\/2018\/11\/the-lodge-ronda-imagotipo.png\",\"contentUrl\":\"https:\/\/www.hotellafuente.com\/wp-content\/uploads\/2018\/11\/the-lodge-ronda-imagotipo.png\"},{\"@type\":\"BreadcrumbList\",\"@id\":\"https:\/\/www.hotellafuente.com\/fr\/the-lodge-ronda\/#breadcrumb\",\"itemListElement\":[{\"@type\":\"ListItem\",\"position\":1,\"name\":\"Portada\",\"item\":\"https:\/\/www.hotellafuente.com\/fr\/\"},{\"@type\":\"ListItem\",\"position\":2,\"name\":\"The Lodge Ronda\"}]},{\"@type\":\"WebSite\",\"@id\":\"https:\/\/www.hotellafuente.com\/fr\/#website\",\"url\":\"https:\/\/www.hotellafuente.com\/fr\/\",\"name\":\"Hotel La Fuente de la Higuera\",\"description\":\"Hotel La Fuente de la Higuera | Web Official | Ronda\",\"publisher\":{\"@id\":\"https:\/\/www.hotellafuente.com\/fr\/#organization\"},\"potentialAction\":[{\"@type\":\"SearchAction\",\"target\":{\"@type\":\"EntryPoint\",\"urlTemplate\":\"https:\/\/www.hotellafuente.com\/fr\/?s={search_term_string}\"},\"query-input\":{\"@type\":\"PropertyValueSpecification\",\"valueRequired\":true,\"valueName\":\"search_term_string\"}}],\"inLanguage\":\"fr-FR\"},{\"@type\":\"Organization\",\"@id\":\"https:\/\/www.hotellafuente.com\/fr\/#organization\",\"name\":\"Hotel La Fuente de la Higuera\",\"url\":\"https:\/\/www.hotellafuente.com\/fr\/\",\"logo\":{\"@type\":\"ImageObject\",\"inLanguage\":\"fr-FR\",\"@id\":\"https:\/\/www.hotellafuente.com\/fr\/#\/schema\/logo\/image\/\",\"url\":\"https:\/\/i1.wp.com\/www.hotellafuente.com\/wp-content\/uploads\/2018\/11\/fuente-de-la-higuera-hotel-ronda-logo-3.png?fit=208%2C180&ssl=1\",\"contentUrl\":\"https:\/\/i1.wp.com\/www.hotellafuente.com\/wp-content\/uploads\/2018\/11\/fuente-de-la-higuera-hotel-ronda-logo-3.png?fit=208%2C180&ssl=1\",\"width\":208,\"height\":180,\"caption\":\"Hotel La Fuente de la Higuera\"},\"image\":{\"@id\":\"https:\/\/www.hotellafuente.com\/fr\/#\/schema\/logo\/image\/\"},\"sameAs\":[\"https:\/\/www.facebook.com\/Hotel-la-Fuente-de-la-Higuera-1873651042879969\/\",\"https:\/\/www.instagram.com\/hotelfuentedelahiguera\/\"]}]}<\/script>\n<!-- \/ Yoast SEO plugin. -->","yoast_head_json":{"title":"The Lodge Ronda | Hotel La Fuente de la Higuera","robots":{"index":"index","follow":"follow","max-snippet":"max-snippet:-1","max-image-preview":"max-image-preview:large","max-video-preview":"max-video-preview:-1"},"canonical":"https:\/\/www.hotellafuente.com\/fr\/the-lodge-ronda\/","og_locale":"fr_FR","og_type":"article","og_title":"The Lodge Ronda | Hotel La Fuente de la Higuera","og_description":"[vc_row css_animation=\u00a0\u00bb\u00a0\u00bb row_type=\u00a0\u00bbrow\u00a0\u00bb use_row_as_full_screen_section=\u00a0\u00bbyes\u00a0\u00bb type=\u00a0\u00bbfull_width\u00a0\u00bb angled_section=\u00a0\u00bbno\u00a0\u00bb text_align=\u00a0\u00bbleft\u00a0\u00bb background_image_as_pattern=\u00a0\u00bbwithout_pattern\u00a0\u00bb z_index=\u00a0\u00bb\u00a0\u00bb css=\u00a0\u00bb.vc_custom_1543501032396{background-image: url(https:\/\/www.hotellafuente.com\/wp-content\/uploads\/2018\/11\/The-Lodge-Ronda-galeria-14.jpg?id=1121) !important;}\u00a0\u00bb el_id=\u00a0\u00bbbook-now\u00a0\u00bb][vc_column width=\u00a0\u00bb1\/3&Prime;][\/vc_column][vc_column width=\u00a0\u00bb1\/3&Prime;][vc_row_inner row_type=\u00a0\u00bbrow\u00a0\u00bb type=\u00a0\u00bbfull_width\u00a0\u00bb text_align=\u00a0\u00bbcenter\u00a0\u00bb css_animation=\u00a0\u00bb\u00a0\u00bb][vc_column_inner css=\u00a0\u00bb.vc_custom_1540291739514{padding-top: 30px !important;padding-right: 30px !important;padding-bottom: 30px !important;padding-left: 30px !important;background-color: rgba(255,255,255,0.9) !important;*background-color: rgb(255,255,255) !important;border-radius: 3px !important;}\u00a0\u00bb][vc_column_text] The Lodge Ronda [\/vc_column_text][vc_empty_space height=\u00a0\u00bb22px\u00a0\u00bb][vc_column_text]Si vous envisagez de venir visiter l&rsquo;Andalousie...","og_url":"https:\/\/www.hotellafuente.com\/fr\/the-lodge-ronda\/","og_site_name":"Hotel La Fuente de la Higuera","article_publisher":"https:\/\/www.facebook.com\/Hotel-la-Fuente-de-la-Higuera-1873651042879969\/","article_modified_time":"2020-04-20T11:45:06+00:00","og_image":[{"url":"https:\/\/www.hotellafuente.com\/wp-content\/uploads\/2018\/11\/the-lodge-ronda-imagotipo.png","type":"","width":"","height":""}],"twitter_card":"summary_large_image","twitter_misc":{"Dur\u00e9e de lecture estim\u00e9e":"1 minute"},"schema":{"@context":"https:\/\/schema.org","@graph":[{"@type":"WebPage","@id":"https:\/\/www.hotellafuente.com\/fr\/the-lodge-ronda\/","url":"https:\/\/www.hotellafuente.com\/fr\/the-lodge-ronda\/","name":"The Lodge Ronda | Hotel La Fuente de la Higuera","isPartOf":{"@id":"https:\/\/www.hotellafuente.com\/fr\/#website"},"primaryImageOfPage":{"@id":"https:\/\/www.hotellafuente.com\/fr\/the-lodge-ronda\/#primaryimage"},"image":{"@id":"https:\/\/www.hotellafuente.com\/fr\/the-lodge-ronda\/#primaryimage"},"thumbnailUrl":"https:\/\/www.hotellafuente.com\/wp-content\/uploads\/2018\/11\/the-lodge-ronda-imagotipo.png","datePublished":"2018-12-03T10:07:53+00:00","dateModified":"2020-04-20T11:45:06+00:00","breadcrumb":{"@id":"https:\/\/www.hotellafuente.com\/fr\/the-lodge-ronda\/#breadcrumb"},"inLanguage":"fr-FR","potentialAction":[{"@type":"ReadAction","target":["https:\/\/www.hotellafuente.com\/fr\/the-lodge-ronda\/"]}]},{"@type":"ImageObject","inLanguage":"fr-FR","@id":"https:\/\/www.hotellafuente.com\/fr\/the-lodge-ronda\/#primaryimage","url":"https:\/\/www.hotellafuente.com\/wp-content\/uploads\/2018\/11\/the-lodge-ronda-imagotipo.png","contentUrl":"https:\/\/www.hotellafuente.com\/wp-content\/uploads\/2018\/11\/the-lodge-ronda-imagotipo.png"},{"@type":"BreadcrumbList","@id":"https:\/\/www.hotellafuente.com\/fr\/the-lodge-ronda\/#breadcrumb","itemListElement":[{"@type":"ListItem","position":1,"name":"Portada","item":"https:\/\/www.hotellafuente.com\/fr\/"},{"@type":"ListItem","position":2,"name":"The Lodge Ronda"}]},{"@type":"WebSite","@id":"https:\/\/www.hotellafuente.com\/fr\/#website","url":"https:\/\/www.hotellafuente.com\/fr\/","name":"Hotel La Fuente de la Higuera","description":"Hotel La Fuente de la Higuera | Web Official | Ronda","publisher":{"@id":"https:\/\/www.hotellafuente.com\/fr\/#organization"},"potentialAction":[{"@type":"SearchAction","target":{"@type":"EntryPoint","urlTemplate":"https:\/\/www.hotellafuente.com\/fr\/?s={search_term_string}"},"query-input":{"@type":"PropertyValueSpecification","valueRequired":true,"valueName":"search_term_string"}}],"inLanguage":"fr-FR"},{"@type":"Organization","@id":"https:\/\/www.hotellafuente.com\/fr\/#organization","name":"Hotel La Fuente de la Higuera","url":"https:\/\/www.hotellafuente.com\/fr\/","logo":{"@type":"ImageObject","inLanguage":"fr-FR","@id":"https:\/\/www.hotellafuente.com\/fr\/#\/schema\/logo\/image\/","url":"https:\/\/i1.wp.com\/www.hotellafuente.com\/wp-content\/uploads\/2018\/11\/fuente-de-la-higuera-hotel-ronda-logo-3.png?fit=208%2C180&ssl=1","contentUrl":"https:\/\/i1.wp.com\/www.hotellafuente.com\/wp-content\/uploads\/2018\/11\/fuente-de-la-higuera-hotel-ronda-logo-3.png?fit=208%2C180&ssl=1","width":208,"height":180,"caption":"Hotel La Fuente de la Higuera"},"image":{"@id":"https:\/\/www.hotellafuente.com\/fr\/#\/schema\/logo\/image\/"},"sameAs":["https:\/\/www.facebook.com\/Hotel-la-Fuente-de-la-Higuera-1873651042879969\/","https:\/\/www.instagram.com\/hotelfuentedelahiguera\/"]}]}},"jetpack_sharing_enabled":true,"_links":{"self":[{"href":"https:\/\/www.hotellafuente.com\/fr\/wp-json\/wp\/v2\/pages\/2192","targetHints":{"allow":["GET"]}}],"collection":[{"href":"https:\/\/www.hotellafuente.com\/fr\/wp-json\/wp\/v2\/pages"}],"about":[{"href":"https:\/\/www.hotellafuente.com\/fr\/wp-json\/wp\/v2\/types\/page"}],"author":[{"embeddable":true,"href":"https:\/\/www.hotellafuente.com\/fr\/wp-json\/wp\/v2\/users\/1"}],"replies":[{"embeddable":true,"href":"https:\/\/www.hotellafuente.com\/fr\/wp-json\/wp\/v2\/comments?post=2192"}],"version-history":[{"count":2,"href":"https:\/\/www.hotellafuente.com\/fr\/wp-json\/wp\/v2\/pages\/2192\/revisions"}],"predecessor-version":[{"id":3229,"href":"https:\/\/www.hotellafuente.com\/fr\/wp-json\/wp\/v2\/pages\/2192\/revisions\/3229"}],"wp:attachment":[{"href":"https:\/\/www.hotellafuente.com\/fr\/wp-json\/wp\/v2\/media?parent=2192"}],"curies":[{"name":"wp","href":"https:\/\/api.w.org\/{rel}","templated":true}]}}