{"id":880,"date":"2018-10-26T11:05:18","date_gmt":"2018-10-26T11:05:18","guid":{"rendered":"https:\/\/www.hotellafuente.com\/dining\/"},"modified":"2025-01-28T14:18:23","modified_gmt":"2025-01-28T14:18:23","slug":"a-manger","status":"publish","type":"page","link":"https:\/\/www.hotellafuente.com\/fr\/a-manger\/","title":{"rendered":"\u00c0 manger"},"content":{"rendered":"<div class=\"wpb-content-wrapper\"><p>[vc_row css_animation=\u00a0\u00bb\u00a0\u00bb row_type=\u00a0\u00bbrow\u00a0\u00bb use_row_as_full_screen_section=\u00a0\u00bbno\u00a0\u00bb type=\u00a0\u00bbfull_width\u00a0\u00bb angled_section=\u00a0\u00bbno\u00a0\u00bb text_align=\u00a0\u00bbleft\u00a0\u00bb background_image_as_pattern=\u00a0\u00bbwithout_pattern\u00a0\u00bb][vc_column]\n\t\t\t<!-- START Dining FR REVOLUTION SLIDER 6.7.38 --><p class=\"rs-p-wp-fix\"><\/p>\n\t\t\t<rs-module-wrap id=\"rev_slider_3_1_wrapper\" data-source=\"gallery\" style=\"visibility:hidden;background:transparent;padding:0;\">\n\t\t\t\t<rs-module id=\"rev_slider_3_1\" style=\"\" data-version=\"6.7.38\">\n\t\t\t\t\t<rs-slides style=\"overflow: hidden; position: absolute;\">\n\t\t\t\t\t\t<rs-slide style=\"position: absolute;\" data-key=\"rs-12\" data-title=\"Slide\" data-anim=\"adpr:false;\" data-in=\"o:0;\" data-out=\"a:false;\">\n\t\t\t\t\t\t\t<img data-recalc-dims=\"1\" decoding=\"async\" src=\"https:\/\/i0.wp.com\/www.hotellafuente.com\/wp-content\/plugins\/revslider\/sr6\/assets\/assets\/dummy.png?w=1060\" alt=\"\" title=\"\u00c0 manger\" class=\"rev-slidebg tp-rs-img rs-lazyload\" data-lazyload=\"\/\/www.hotellafuente.com\/wp-content\/uploads\/2018\/10\/Fuente-De-La-Higuera-dinner-04.jpg\" data-no-retina>\n<!--\n\t\t\t\t\t\t\t--><rs-layer\n\t\t\t\t\t\t\t\tid=\"slider-3-slide-12-layer-1\" \n\t\t\t\t\t\t\t\tclass=\"work\"\n\t\t\t\t\t\t\t\tdata-type=\"text\"\n\t\t\t\t\t\t\t\tdata-rsp_ch=\"on\"\n\t\t\t\t\t\t\t\tdata-xy=\"x:c;y:m;yo:342px,342px,79px,76px;\"\n\t\t\t\t\t\t\t\tdata-text=\"w:normal;s:16,16,20,20;l:21;fw:500;a:center;\"\n\t\t\t\t\t\t\t\tdata-dim=\"w:249px,249px,261px,219px;h:43px;\"\n\t\t\t\t\t\t\t\tdata-frame_1=\"sR:10;\"\n\t\t\t\t\t\t\t\tdata-frame_999=\"o:0;st:w;sR:8690;\"\n\t\t\t\t\t\t\t\tstyle=\"z-index:5;font-family:'Work Sans';\"\n\t\t\t\t\t\t\t>Les clients non r\u00e9sidents sont \u00e9galement les bienvenus \n\t\t\t\t\t\t\t<\/rs-layer><!--\n\n\t\t\t\t\t\t\t--><rs-layer\n\t\t\t\t\t\t\t\tid=\"slider-3-slide-12-layer-3\" \n\t\t\t\t\t\t\t\tclass=\"rev-btn\"\n\t\t\t\t\t\t\t\tdata-type=\"button\"\n\t\t\t\t\t\t\t\tdata-color=\"rgba(255,255,255,1)\"\n\t\t\t\t\t\t\t\tdata-xy=\"x:c;y:m;yo:294px,294px,0,0;\"\n\t\t\t\t\t\t\t\tdata-text=\"s:17;l:17;fw:500;a:inherit;\"\n\t\t\t\t\t\t\t\tdata-rsp_bd=\"off\"\n\t\t\t\t\t\t\t\tdata-padding=\"t:12;r:35;b:12;l:35;\"\n\t\t\t\t\t\t\t\tdata-border=\"bos:solid;boc:#9a7a26;bow:2,2,2,2;\"\n\t\t\t\t\t\t\t\tdata-frame_1=\"sR:10;\"\n\t\t\t\t\t\t\t\tdata-frame_999=\"o:0;st:w;sR:8690;\"\n\t\t\t\t\t\t\t\tdata-frame_hover=\"c:#9a7a26;bgc:#fff;boc:#9a7a26;bor:0px,0px,0px,0px;bos:solid;bow:2,2,2,2;oX:50;oY:50;sp:0;\"\n\t\t\t\t\t\t\t\tstyle=\"z-index:6;background-color:#9a7a26;font-family:'Work Sans';cursor:pointer;outline:none;box-shadow:none;box-sizing:border-box;-moz-box-sizing:border-box;-webkit-box-sizing:border-box;\"\n\t\t\t\t\t\t\t>Nous contacter \n\t\t\t\t\t\t\t<\/rs-layer><!--\n-->\t\t\t\t\t<\/rs-slide>\n\t\t\t\t\t<\/rs-slides>\n\t\t\t\t<\/rs-module>\n\t\t\t\t<script data-jetpack-boost=\"ignore\">\n\t\t\t\t\tsetREVStartSize({c: 'rev_slider_3_1',rl:[1240,1024,778,480],el:[868,768,960,720],gw:[1240,1024,778,480],gh:[868,768,960,720],type:'hero',justify:'',layout:'fullscreen',offsetContainer:'',offset:'',mh:\"0\"});if (window.RS_MODULES!==undefined && window.RS_MODULES.modules!==undefined && window.RS_MODULES.modules[\"revslider31\"]!==undefined) {window.RS_MODULES.modules[\"revslider31\"].once = false;window.revapi3 = undefined;if (window.RS_MODULES.checkMinimal!==undefined) window.RS_MODULES.checkMinimal()}\n\t\t\t\t<\/script>\n\t\t\t<\/rs-module-wrap>\n\t\t\t<!-- END REVOLUTION SLIDER -->\n[\/vc_column][\/vc_row][vc_row css_animation=\u00a0\u00bb\u00a0\u00bb row_type=\u00a0\u00bbrow\u00a0\u00bb use_row_as_full_screen_section=\u00a0\u00bbno\u00a0\u00bb type=\u00a0\u00bbgrid\u00a0\u00bb angled_section=\u00a0\u00bbno\u00a0\u00bb text_align=\u00a0\u00bbleft\u00a0\u00bb background_image_as_pattern=\u00a0\u00bbwithout_pattern\u00a0\u00bb z_index=\u00a0\u00bb\u00a0\u00bb css=\u00a0\u00bb.vc_custom_1548764468541{padding-top: 11% !important;padding-bottom: 11% !important;background-image: url(https:\/\/www.hotellafuente.com\/wp-content\/uploads\/2018\/11\/Fuente-De-La-Higuera-dinner-10.jpg?id=819) !important;}\u00a0\u00bb][vc_column width=\u00a0\u00bb1\/3&Prime;][\/vc_column][vc_column width=\u00a0\u00bb1\/3&Prime;][\/vc_column][vc_column width=\u00a0\u00bb1\/2&Prime; offset=\u00a0\u00bbvc_col-lg-4 vc_col-md-4&Prime;][vc_row_inner row_type=\u00a0\u00bbrow\u00a0\u00bb type=\u00a0\u00bbfull_width\u00a0\u00bb text_align=\u00a0\u00bbleft\u00a0\u00bb css_animation=\u00a0\u00bb\u00a0\u00bb][vc_column_inner css=\u00a0\u00bb.vc_custom_1540291739514{padding-top: 30px !important;padding-right: 30px !important;padding-bottom: 30px !important;padding-left: 30px !important;background-color: rgba(255,255,255,0.9) !important;*background-color: rgb(255,255,255) !important;border-radius: 3px !important;}\u00a0\u00bb][vc_column_text css=\u00a0\u00bb\u00a0\u00bb]<\/p>\n<h2><span style=\"color: #3b2d6b;\">Le d\u00e9jeuner est une affaire de d\u00e9tente<\/span><\/h2>\n<p>[vc_empty_space height=\u00a0\u00bb15px\u00a0\u00bb]<\/p>\n<div class=\"imgContentWrapper\">\n<div class=\"tableWrapper\">\n<div class=\"imgDescription\">Le d\u00e9jeuner est une affaire d\u00e9contract\u00e9e, une chance de go\u00fbter au meilleur de la bonne cuisine maison andalouse. Notre menu propose des tapas, des paellas, des salades et des sandwiches, y compris des versions v\u00e9g\u00e9tariennes, toutes cuisin\u00e9es et pr\u00e9par\u00e9es \u00e0 la commande.<\/div>\n<div><\/div>\n<div class=\"imgDescription\"><strong>Tout ce que vous avez \u00e0 faire est de vous lever de votre chaise longue et se promener aux tables sur la terrasse..<\/strong><\/div>\n<\/div>\n<div>\n<p>[vc_empty_space height=\u00a0\u00bb25px\u00a0\u00bb]<\/p>\n<a  itemprop=\"url\" href=\"\/wp-content\/uploads\/2025\/01\/MENU-FUENTE-DE-LA-HIGUERA-span_eng-comprimido.pdf\" target=\"_blank\"  class=\"qbutton  default\" style=\"\">Voir notre menu<\/a>\n<\/div>\n<\/div>\n<p>[\/vc_column_text][vc_empty_space height=\u00a0\u00bb22px\u00a0\u00bb][vc_column_text]<img data-recalc-dims=\"1\" decoding=\"async\" class=\"wp-image-350 aligncenter\" src=\"https:\/\/i0.wp.com\/www.hotellafuente.com\/wp-content\/uploads\/2018\/10\/hotel_fuente_de_la_higuera_ronda_imago.png?resize=90%2C44&#038;ssl=1\" alt=\"\" width=\"90\" height=\"44\" srcset=\"https:\/\/i0.wp.com\/www.hotellafuente.com\/wp-content\/uploads\/2018\/10\/hotel_fuente_de_la_higuera_ronda_imago.png?resize=300%2C146&amp;ssl=1 300w, https:\/\/i0.wp.com\/www.hotellafuente.com\/wp-content\/uploads\/2018\/10\/hotel_fuente_de_la_higuera_ronda_imago.png?w=466&amp;ssl=1 466w\" sizes=\"(max-width: 90px) 100vw, 90px\" \/>[\/vc_column_text][\/vc_column_inner][\/vc_row_inner][\/vc_column][\/vc_row][vc_row css_animation=\u00a0\u00bb\u00a0\u00bb row_type=\u00a0\u00bbrow\u00a0\u00bb use_row_as_full_screen_section=\u00a0\u00bbno\u00a0\u00bb type=\u00a0\u00bbgrid\u00a0\u00bb angled_section=\u00a0\u00bbno\u00a0\u00bb text_align=\u00a0\u00bbleft\u00a0\u00bb background_image_as_pattern=\u00a0\u00bbwithout_pattern\u00a0\u00bb z_index=\u00a0\u00bb\u00a0\u00bb css=\u00a0\u00bb.vc_custom_1548764451294{padding-top: 11% !important;padding-bottom: 11% !important;background-image: url(\/wp-content\/uploads\/2018\/11\/Fuente-De-La-Higuera-dinner-pescado.jpg?id=680) !important;}\u00a0\u00bb][vc_column width=\u00a0\u00bb1\/3&Prime;][\/vc_column][vc_column width=\u00a0\u00bb1\/3&Prime;][\/vc_column][vc_column width=\u00a0\u00bb1\/2&Prime; offset=\u00a0\u00bbvc_col-lg-4 vc_col-md-4&Prime;][vc_row_inner row_type=\u00a0\u00bbrow\u00a0\u00bb type=\u00a0\u00bbfull_width\u00a0\u00bb text_align=\u00a0\u00bbleft\u00a0\u00bb css_animation=\u00a0\u00bb\u00a0\u00bb][vc_column_inner css=\u00a0\u00bb.vc_custom_1540291739514{padding-top: 30px !important;padding-right: 30px !important;padding-bottom: 30px !important;padding-left: 30px !important;background-color: rgba(255,255,255,0.9) !important;*background-color: rgb(255,255,255) !important;border-radius: 3px !important;}\u00a0\u00bb][vc_column_text]<\/p>\n<h2><span style=\"color: #3b2d6b;\">\u00c0 manger<\/span><\/h2>\n<p>[vc_empty_space height=\u00a0\u00bb15px\u00a0\u00bb]<br \/>\nNotre philosophie alimentaire est simple: des plats d\u00e9licieux pr\u00e9par\u00e9s avec amour et savoir-faire en utilisant les meilleurs ingr\u00e9dients de qualit\u00e9.<\/p>\n<p>Les soir\u00e9es allient gastronomie et \u00e9l\u00e9gance informelle: des d\u00eeners aux chandelles joliment pr\u00e9sent\u00e9s servis dans l&rsquo;air chaud de la nuit, produits par des chefs qui ont acquis leurs comp\u00e9tences dans les cuisines \u00e9toil\u00e9es Michelin, en utilisant les ingr\u00e9dients les plus frais, principalement bio.<\/p>\n<p>[vc_empty_space height=\u00a0\u00bb25px\u00a0\u00bb]<\/p>\n<p><a  itemprop=\"url\" href=\"\/fr\/contactez-nous\/\" target=\"_self\"  class=\"qbutton  default\" style=\"\">Nous contacter<\/a>[\/vc_column_text][vc_empty_space height=\u00a0\u00bb22px\u00a0\u00bb][vc_column_text]<img data-recalc-dims=\"1\" decoding=\"async\" class=\"wp-image-350 aligncenter\" src=\"https:\/\/i0.wp.com\/www.hotellafuente.com\/wp-content\/uploads\/2018\/10\/hotel_fuente_de_la_higuera_ronda_imago.png?resize=90%2C44&#038;ssl=1\" alt=\"\" width=\"90\" height=\"44\" srcset=\"https:\/\/i0.wp.com\/www.hotellafuente.com\/wp-content\/uploads\/2018\/10\/hotel_fuente_de_la_higuera_ronda_imago.png?resize=300%2C146&amp;ssl=1 300w, https:\/\/i0.wp.com\/www.hotellafuente.com\/wp-content\/uploads\/2018\/10\/hotel_fuente_de_la_higuera_ronda_imago.png?w=466&amp;ssl=1 466w\" sizes=\"(max-width: 90px) 100vw, 90px\" \/>[\/vc_column_text][\/vc_column_inner][\/vc_row_inner][\/vc_column][\/vc_row][vc_row css_animation=\u00a0\u00bb\u00a0\u00bb row_type=\u00a0\u00bbrow\u00a0\u00bb use_row_as_full_screen_section=\u00a0\u00bbno\u00a0\u00bb type=\u00a0\u00bbgrid\u00a0\u00bb angled_section=\u00a0\u00bbno\u00a0\u00bb text_align=\u00a0\u00bbleft\u00a0\u00bb background_image_as_pattern=\u00a0\u00bbwithout_pattern\u00a0\u00bb z_index=\u00a0\u00bb\u00a0\u00bb css=\u00a0\u00bb.vc_custom_1548764460212{padding-top: 11% !important;padding-bottom: 11% !important;background-image: url(\/wp-content\/uploads\/2018\/10\/Fuente-De-La-Higuera-dinner-03.jpg?id=418) !important;}\u00a0\u00bb][vc_column width=\u00a0\u00bb1\/2&Prime; offset=\u00a0\u00bbvc_col-lg-4 vc_col-md-4&Prime;][vc_row_inner row_type=\u00a0\u00bbrow\u00a0\u00bb type=\u00a0\u00bbfull_width\u00a0\u00bb text_align=\u00a0\u00bbleft\u00a0\u00bb css_animation=\u00a0\u00bb\u00a0\u00bb][vc_column_inner css=\u00a0\u00bb.vc_custom_1540291739514{padding-top: 30px !important;padding-right: 30px !important;padding-bottom: 30px !important;padding-left: 30px !important;background-color: rgba(255,255,255,0.9) !important;*background-color: rgb(255,255,255) !important;border-radius: 3px !important;}\u00a0\u00bb][vc_column_text]<\/p>\n<h2><span style=\"color: #3b2d6b;\">Vins prim\u00e9s<\/span><\/h2>\n<p>[\/vc_column_text][vc_empty_space height=\u00a0\u00bb22px\u00a0\u00bb][vc_column_text]<\/p>\n<div class=\"imgContentWrapper\">\n<div class=\"tableWrapper\">\n<div class=\"imgDescription\">Tout ce qui peut \u00eatre accompagn\u00e9 par des vins prim\u00e9s de bodegas locales.Nos chefs cherchent \u00e0 r\u00e9pondre \u00e0 tous les go\u00fbts, avec pas mal de plats v\u00e9g\u00e9tariens inspir\u00e9s, et les repas \u00e0 rencontrer avec l&rsquo;approbation de la salle \u00e0 manger junior et infantile. Nous sommes fiers de pouvoir r\u00e9pondre \u00e0 toutes les exigences alimentaires (sans gluten et v\u00e9g\u00e9talien).<\/div>\n<\/div>\n<\/div>\n<p>[\/vc_column_text][vc_empty_space height=\u00a0\u00bb22px\u00a0\u00bb][vc_column_text]<img data-recalc-dims=\"1\" decoding=\"async\" class=\"wp-image-350 aligncenter\" src=\"https:\/\/i0.wp.com\/www.hotellafuente.com\/wp-content\/uploads\/2018\/10\/hotel_fuente_de_la_higuera_ronda_imago.png?resize=90%2C44&#038;ssl=1\" alt=\"\" width=\"90\" height=\"44\" srcset=\"https:\/\/i0.wp.com\/www.hotellafuente.com\/wp-content\/uploads\/2018\/10\/hotel_fuente_de_la_higuera_ronda_imago.png?resize=300%2C146&amp;ssl=1 300w, https:\/\/i0.wp.com\/www.hotellafuente.com\/wp-content\/uploads\/2018\/10\/hotel_fuente_de_la_higuera_ronda_imago.png?w=466&amp;ssl=1 466w\" sizes=\"(max-width: 90px) 100vw, 90px\" \/>[\/vc_column_text][\/vc_column_inner][\/vc_row_inner][\/vc_column][vc_column width=\u00a0\u00bb1\/3&Prime;][\/vc_column][vc_column width=\u00a0\u00bb1\/3&Prime;][\/vc_column][\/vc_row]<\/p>\n<\/div>","protected":false},"excerpt":{"rendered":"<p>[vc_row css_animation=\u00a0\u00bb\u00a0\u00bb row_type=\u00a0\u00bbrow\u00a0\u00bb use_row_as_full_screen_section=\u00a0\u00bbno\u00a0\u00bb type=\u00a0\u00bbfull_width\u00a0\u00bb angled_section=\u00a0\u00bbno\u00a0\u00bb text_align=\u00a0\u00bbleft\u00a0\u00bb background_image_as_pattern=\u00a0\u00bbwithout_pattern\u00a0\u00bb][vc_column][\/vc_column][\/vc_row][vc_row css_animation=\u00a0\u00bb\u00a0\u00bb row_type=\u00a0\u00bbrow\u00a0\u00bb use_row_as_full_screen_section=\u00a0\u00bbno\u00a0\u00bb type=\u00a0\u00bbgrid\u00a0\u00bb angled_section=\u00a0\u00bbno\u00a0\u00bb text_align=\u00a0\u00bbleft\u00a0\u00bb background_image_as_pattern=\u00a0\u00bbwithout_pattern\u00a0\u00bb z_index=\u00a0\u00bb\u00a0\u00bb css=\u00a0\u00bb.vc_custom_1548764468541{padding-top: 11% !important;padding-bottom: 11% !important;background-image: url(https:\/\/www.hotellafuente.com\/wp-content\/uploads\/2018\/11\/Fuente-De-La-Higuera-dinner-10.jpg?id=819) !important;}\u00a0\u00bb][vc_column width=\u00a0\u00bb1\/3&Prime;][\/vc_column][vc_column width=\u00a0\u00bb1\/3&Prime;][\/vc_column][vc_column width=\u00a0\u00bb1\/2&Prime; offset=\u00a0\u00bbvc_col-lg-4 vc_col-md-4&Prime;][vc_row_inner row_type=\u00a0\u00bbrow\u00a0\u00bb type=\u00a0\u00bbfull_width\u00a0\u00bb text_align=\u00a0\u00bbleft\u00a0\u00bb css_animation=\u00a0\u00bb\u00a0\u00bb][vc_column_inner css=\u00a0\u00bb.vc_custom_1540291739514{padding-top: 30px !important;padding-right: 30px !important;padding-bottom: 30px !important;padding-left: 30px !important;background-color: rgba(255,255,255,0.9) !important;*background-color: rgb(255,255,255) !important;border-radius:&#8230;<\/p>\n","protected":false},"author":1,"featured_media":0,"parent":0,"menu_order":0,"comment_status":"closed","ping_status":"closed","template":"full_width.php","meta":{"_joinchat":[],"footnotes":""},"class_list":["post-880","page","type-page","status-publish","hentry"],"yoast_head":"<!-- This site is optimized with the Yoast SEO plugin v26.4 - https:\/\/yoast.com\/wordpress\/plugins\/seo\/ -->\n<title>\u00c0 manger | Hotel La Fuente de la Higuera<\/title>\n<meta name=\"robots\" content=\"index, follow, max-snippet:-1, max-image-preview:large, max-video-preview:-1\" \/>\n<link rel=\"canonical\" href=\"https:\/\/www.hotellafuente.com\/fr\/a-manger\/\" \/>\n<meta property=\"og:locale\" content=\"fr_FR\" \/>\n<meta property=\"og:type\" content=\"article\" \/>\n<meta property=\"og:title\" content=\"\u00c0 manger | Hotel La Fuente de la Higuera\" \/>\n<meta property=\"og:description\" content=\"[vc_row css_animation=\u00a0\u00bb\u00a0\u00bb row_type=\u00a0\u00bbrow\u00a0\u00bb use_row_as_full_screen_section=\u00a0\u00bbno\u00a0\u00bb type=\u00a0\u00bbfull_width\u00a0\u00bb angled_section=\u00a0\u00bbno\u00a0\u00bb text_align=\u00a0\u00bbleft\u00a0\u00bb background_image_as_pattern=\u00a0\u00bbwithout_pattern\u00a0\u00bb][vc_column][\/vc_column][\/vc_row][vc_row css_animation=\u00a0\u00bb\u00a0\u00bb row_type=\u00a0\u00bbrow\u00a0\u00bb use_row_as_full_screen_section=\u00a0\u00bbno\u00a0\u00bb type=\u00a0\u00bbgrid\u00a0\u00bb angled_section=\u00a0\u00bbno\u00a0\u00bb text_align=\u00a0\u00bbleft\u00a0\u00bb background_image_as_pattern=\u00a0\u00bbwithout_pattern\u00a0\u00bb z_index=\u00a0\u00bb\u00a0\u00bb css=\u00a0\u00bb.vc_custom_1548764468541{padding-top: 11% !important;padding-bottom: 11% !important;background-image: url(https:\/\/www.hotellafuente.com\/wp-content\/uploads\/2018\/11\/Fuente-De-La-Higuera-dinner-10.jpg?id=819) !important;}\u00a0\u00bb][vc_column width=\u00a0\u00bb1\/3&Prime;][\/vc_column][vc_column width=\u00a0\u00bb1\/3&Prime;][\/vc_column][vc_column width=\u00a0\u00bb1\/2&Prime; offset=\u00a0\u00bbvc_col-lg-4 vc_col-md-4&Prime;][vc_row_inner row_type=\u00a0\u00bbrow\u00a0\u00bb type=\u00a0\u00bbfull_width\u00a0\u00bb text_align=\u00a0\u00bbleft\u00a0\u00bb css_animation=\u00a0\u00bb\u00a0\u00bb][vc_column_inner css=\u00a0\u00bb.vc_custom_1540291739514{padding-top: 30px !important;padding-right: 30px !important;padding-bottom: 30px !important;padding-left: 30px !important;background-color: rgba(255,255,255,0.9) !important;*background-color: rgb(255,255,255) !important;border-radius:...\" \/>\n<meta property=\"og:url\" content=\"https:\/\/www.hotellafuente.com\/fr\/a-manger\/\" \/>\n<meta property=\"og:site_name\" content=\"Hotel La Fuente de la Higuera\" \/>\n<meta property=\"article:publisher\" content=\"https:\/\/www.facebook.com\/Hotel-la-Fuente-de-la-Higuera-1873651042879969\/\" \/>\n<meta property=\"article:modified_time\" content=\"2025-01-28T14:18:23+00:00\" \/>\n<meta property=\"og:image\" content=\"https:\/\/www.hotellafuente.com\/wp-content\/uploads\/2018\/10\/hotel_fuente_de_la_higuera_ronda_imago-300x146.png\" \/>\n<meta name=\"twitter:card\" content=\"summary_large_image\" \/>\n<meta name=\"twitter:label1\" content=\"Dur\u00e9e de lecture estim\u00e9e\" \/>\n\t<meta name=\"twitter:data1\" content=\"3 minutes\" \/>\n<script type=\"application\/ld+json\" class=\"yoast-schema-graph\">{\"@context\":\"https:\/\/schema.org\",\"@graph\":[{\"@type\":\"WebPage\",\"@id\":\"https:\/\/www.hotellafuente.com\/fr\/a-manger\/\",\"url\":\"https:\/\/www.hotellafuente.com\/fr\/a-manger\/\",\"name\":\"\u00c0 manger | Hotel La Fuente de la Higuera\",\"isPartOf\":{\"@id\":\"https:\/\/www.hotellafuente.com\/fr\/#website\"},\"primaryImageOfPage\":{\"@id\":\"https:\/\/www.hotellafuente.com\/fr\/a-manger\/#primaryimage\"},\"image\":{\"@id\":\"https:\/\/www.hotellafuente.com\/fr\/a-manger\/#primaryimage\"},\"thumbnailUrl\":\"https:\/\/www.hotellafuente.com\/wp-content\/uploads\/2018\/10\/hotel_fuente_de_la_higuera_ronda_imago-300x146.png\",\"datePublished\":\"2018-10-26T11:05:18+00:00\",\"dateModified\":\"2025-01-28T14:18:23+00:00\",\"breadcrumb\":{\"@id\":\"https:\/\/www.hotellafuente.com\/fr\/a-manger\/#breadcrumb\"},\"inLanguage\":\"fr-FR\",\"potentialAction\":[{\"@type\":\"ReadAction\",\"target\":[\"https:\/\/www.hotellafuente.com\/fr\/a-manger\/\"]}]},{\"@type\":\"ImageObject\",\"inLanguage\":\"fr-FR\",\"@id\":\"https:\/\/www.hotellafuente.com\/fr\/a-manger\/#primaryimage\",\"url\":\"https:\/\/www.hotellafuente.com\/wp-content\/uploads\/2018\/10\/hotel_fuente_de_la_higuera_ronda_imago-300x146.png\",\"contentUrl\":\"https:\/\/www.hotellafuente.com\/wp-content\/uploads\/2018\/10\/hotel_fuente_de_la_higuera_ronda_imago-300x146.png\"},{\"@type\":\"BreadcrumbList\",\"@id\":\"https:\/\/www.hotellafuente.com\/fr\/a-manger\/#breadcrumb\",\"itemListElement\":[{\"@type\":\"ListItem\",\"position\":1,\"name\":\"Portada\",\"item\":\"https:\/\/www.hotellafuente.com\/fr\/\"},{\"@type\":\"ListItem\",\"position\":2,\"name\":\"\u00c0 manger\"}]},{\"@type\":\"WebSite\",\"@id\":\"https:\/\/www.hotellafuente.com\/fr\/#website\",\"url\":\"https:\/\/www.hotellafuente.com\/fr\/\",\"name\":\"Hotel La Fuente de la Higuera\",\"description\":\"Hotel La Fuente de la Higuera | Web Official | Ronda\",\"publisher\":{\"@id\":\"https:\/\/www.hotellafuente.com\/fr\/#organization\"},\"potentialAction\":[{\"@type\":\"SearchAction\",\"target\":{\"@type\":\"EntryPoint\",\"urlTemplate\":\"https:\/\/www.hotellafuente.com\/fr\/?s={search_term_string}\"},\"query-input\":{\"@type\":\"PropertyValueSpecification\",\"valueRequired\":true,\"valueName\":\"search_term_string\"}}],\"inLanguage\":\"fr-FR\"},{\"@type\":\"Organization\",\"@id\":\"https:\/\/www.hotellafuente.com\/fr\/#organization\",\"name\":\"Hotel La Fuente de la Higuera\",\"url\":\"https:\/\/www.hotellafuente.com\/fr\/\",\"logo\":{\"@type\":\"ImageObject\",\"inLanguage\":\"fr-FR\",\"@id\":\"https:\/\/www.hotellafuente.com\/fr\/#\/schema\/logo\/image\/\",\"url\":\"https:\/\/i1.wp.com\/www.hotellafuente.com\/wp-content\/uploads\/2018\/11\/fuente-de-la-higuera-hotel-ronda-logo-3.png?fit=208%2C180&ssl=1\",\"contentUrl\":\"https:\/\/i1.wp.com\/www.hotellafuente.com\/wp-content\/uploads\/2018\/11\/fuente-de-la-higuera-hotel-ronda-logo-3.png?fit=208%2C180&ssl=1\",\"width\":208,\"height\":180,\"caption\":\"Hotel La Fuente de la Higuera\"},\"image\":{\"@id\":\"https:\/\/www.hotellafuente.com\/fr\/#\/schema\/logo\/image\/\"},\"sameAs\":[\"https:\/\/www.facebook.com\/Hotel-la-Fuente-de-la-Higuera-1873651042879969\/\",\"https:\/\/www.instagram.com\/hotelfuentedelahiguera\/\"]}]}<\/script>\n<!-- \/ Yoast SEO plugin. -->","yoast_head_json":{"title":"\u00c0 manger | Hotel La Fuente de la Higuera","robots":{"index":"index","follow":"follow","max-snippet":"max-snippet:-1","max-image-preview":"max-image-preview:large","max-video-preview":"max-video-preview:-1"},"canonical":"https:\/\/www.hotellafuente.com\/fr\/a-manger\/","og_locale":"fr_FR","og_type":"article","og_title":"\u00c0 manger | Hotel La Fuente de la Higuera","og_description":"[vc_row css_animation=\u00a0\u00bb\u00a0\u00bb row_type=\u00a0\u00bbrow\u00a0\u00bb use_row_as_full_screen_section=\u00a0\u00bbno\u00a0\u00bb type=\u00a0\u00bbfull_width\u00a0\u00bb angled_section=\u00a0\u00bbno\u00a0\u00bb text_align=\u00a0\u00bbleft\u00a0\u00bb background_image_as_pattern=\u00a0\u00bbwithout_pattern\u00a0\u00bb][vc_column][\/vc_column][\/vc_row][vc_row css_animation=\u00a0\u00bb\u00a0\u00bb row_type=\u00a0\u00bbrow\u00a0\u00bb use_row_as_full_screen_section=\u00a0\u00bbno\u00a0\u00bb type=\u00a0\u00bbgrid\u00a0\u00bb angled_section=\u00a0\u00bbno\u00a0\u00bb text_align=\u00a0\u00bbleft\u00a0\u00bb background_image_as_pattern=\u00a0\u00bbwithout_pattern\u00a0\u00bb z_index=\u00a0\u00bb\u00a0\u00bb css=\u00a0\u00bb.vc_custom_1548764468541{padding-top: 11% !important;padding-bottom: 11% !important;background-image: url(https:\/\/www.hotellafuente.com\/wp-content\/uploads\/2018\/11\/Fuente-De-La-Higuera-dinner-10.jpg?id=819) !important;}\u00a0\u00bb][vc_column width=\u00a0\u00bb1\/3&Prime;][\/vc_column][vc_column width=\u00a0\u00bb1\/3&Prime;][\/vc_column][vc_column width=\u00a0\u00bb1\/2&Prime; offset=\u00a0\u00bbvc_col-lg-4 vc_col-md-4&Prime;][vc_row_inner row_type=\u00a0\u00bbrow\u00a0\u00bb type=\u00a0\u00bbfull_width\u00a0\u00bb text_align=\u00a0\u00bbleft\u00a0\u00bb css_animation=\u00a0\u00bb\u00a0\u00bb][vc_column_inner css=\u00a0\u00bb.vc_custom_1540291739514{padding-top: 30px !important;padding-right: 30px !important;padding-bottom: 30px !important;padding-left: 30px !important;background-color: rgba(255,255,255,0.9) !important;*background-color: rgb(255,255,255) !important;border-radius:...","og_url":"https:\/\/www.hotellafuente.com\/fr\/a-manger\/","og_site_name":"Hotel La Fuente de la Higuera","article_publisher":"https:\/\/www.facebook.com\/Hotel-la-Fuente-de-la-Higuera-1873651042879969\/","article_modified_time":"2025-01-28T14:18:23+00:00","og_image":[{"url":"https:\/\/www.hotellafuente.com\/wp-content\/uploads\/2018\/10\/hotel_fuente_de_la_higuera_ronda_imago-300x146.png","type":"","width":"","height":""}],"twitter_card":"summary_large_image","twitter_misc":{"Dur\u00e9e de lecture estim\u00e9e":"3 minutes"},"schema":{"@context":"https:\/\/schema.org","@graph":[{"@type":"WebPage","@id":"https:\/\/www.hotellafuente.com\/fr\/a-manger\/","url":"https:\/\/www.hotellafuente.com\/fr\/a-manger\/","name":"\u00c0 manger | Hotel La Fuente de la Higuera","isPartOf":{"@id":"https:\/\/www.hotellafuente.com\/fr\/#website"},"primaryImageOfPage":{"@id":"https:\/\/www.hotellafuente.com\/fr\/a-manger\/#primaryimage"},"image":{"@id":"https:\/\/www.hotellafuente.com\/fr\/a-manger\/#primaryimage"},"thumbnailUrl":"https:\/\/www.hotellafuente.com\/wp-content\/uploads\/2018\/10\/hotel_fuente_de_la_higuera_ronda_imago-300x146.png","datePublished":"2018-10-26T11:05:18+00:00","dateModified":"2025-01-28T14:18:23+00:00","breadcrumb":{"@id":"https:\/\/www.hotellafuente.com\/fr\/a-manger\/#breadcrumb"},"inLanguage":"fr-FR","potentialAction":[{"@type":"ReadAction","target":["https:\/\/www.hotellafuente.com\/fr\/a-manger\/"]}]},{"@type":"ImageObject","inLanguage":"fr-FR","@id":"https:\/\/www.hotellafuente.com\/fr\/a-manger\/#primaryimage","url":"https:\/\/www.hotellafuente.com\/wp-content\/uploads\/2018\/10\/hotel_fuente_de_la_higuera_ronda_imago-300x146.png","contentUrl":"https:\/\/www.hotellafuente.com\/wp-content\/uploads\/2018\/10\/hotel_fuente_de_la_higuera_ronda_imago-300x146.png"},{"@type":"BreadcrumbList","@id":"https:\/\/www.hotellafuente.com\/fr\/a-manger\/#breadcrumb","itemListElement":[{"@type":"ListItem","position":1,"name":"Portada","item":"https:\/\/www.hotellafuente.com\/fr\/"},{"@type":"ListItem","position":2,"name":"\u00c0 manger"}]},{"@type":"WebSite","@id":"https:\/\/www.hotellafuente.com\/fr\/#website","url":"https:\/\/www.hotellafuente.com\/fr\/","name":"Hotel La Fuente de la Higuera","description":"Hotel La Fuente de la Higuera | Web Official | Ronda","publisher":{"@id":"https:\/\/www.hotellafuente.com\/fr\/#organization"},"potentialAction":[{"@type":"SearchAction","target":{"@type":"EntryPoint","urlTemplate":"https:\/\/www.hotellafuente.com\/fr\/?s={search_term_string}"},"query-input":{"@type":"PropertyValueSpecification","valueRequired":true,"valueName":"search_term_string"}}],"inLanguage":"fr-FR"},{"@type":"Organization","@id":"https:\/\/www.hotellafuente.com\/fr\/#organization","name":"Hotel La Fuente de la Higuera","url":"https:\/\/www.hotellafuente.com\/fr\/","logo":{"@type":"ImageObject","inLanguage":"fr-FR","@id":"https:\/\/www.hotellafuente.com\/fr\/#\/schema\/logo\/image\/","url":"https:\/\/i1.wp.com\/www.hotellafuente.com\/wp-content\/uploads\/2018\/11\/fuente-de-la-higuera-hotel-ronda-logo-3.png?fit=208%2C180&ssl=1","contentUrl":"https:\/\/i1.wp.com\/www.hotellafuente.com\/wp-content\/uploads\/2018\/11\/fuente-de-la-higuera-hotel-ronda-logo-3.png?fit=208%2C180&ssl=1","width":208,"height":180,"caption":"Hotel La Fuente de la Higuera"},"image":{"@id":"https:\/\/www.hotellafuente.com\/fr\/#\/schema\/logo\/image\/"},"sameAs":["https:\/\/www.facebook.com\/Hotel-la-Fuente-de-la-Higuera-1873651042879969\/","https:\/\/www.instagram.com\/hotelfuentedelahiguera\/"]}]}},"jetpack_sharing_enabled":true,"_links":{"self":[{"href":"https:\/\/www.hotellafuente.com\/fr\/wp-json\/wp\/v2\/pages\/880","targetHints":{"allow":["GET"]}}],"collection":[{"href":"https:\/\/www.hotellafuente.com\/fr\/wp-json\/wp\/v2\/pages"}],"about":[{"href":"https:\/\/www.hotellafuente.com\/fr\/wp-json\/wp\/v2\/types\/page"}],"author":[{"embeddable":true,"href":"https:\/\/www.hotellafuente.com\/fr\/wp-json\/wp\/v2\/users\/1"}],"replies":[{"embeddable":true,"href":"https:\/\/www.hotellafuente.com\/fr\/wp-json\/wp\/v2\/comments?post=880"}],"version-history":[{"count":9,"href":"https:\/\/www.hotellafuente.com\/fr\/wp-json\/wp\/v2\/pages\/880\/revisions"}],"predecessor-version":[{"id":5499,"href":"https:\/\/www.hotellafuente.com\/fr\/wp-json\/wp\/v2\/pages\/880\/revisions\/5499"}],"wp:attachment":[{"href":"https:\/\/www.hotellafuente.com\/fr\/wp-json\/wp\/v2\/media?parent=880"}],"curies":[{"name":"wp","href":"https:\/\/api.w.org\/{rel}","templated":true}]}}