{"id":947,"date":"2018-10-26T14:17:35","date_gmt":"2018-10-26T14:17:35","guid":{"rendered":"https:\/\/www.hotellafuente.com\/faq\/"},"modified":"2025-08-25T16:28:11","modified_gmt":"2025-08-25T16:28:11","slug":"faq","status":"publish","type":"page","link":"https:\/\/www.hotellafuente.com\/fr\/faq\/","title":{"rendered":"Questions fr\u00e9quemment pos\u00e9es"},"content":{"rendered":"<div class=\"wpb-content-wrapper\"><p>[vc_row css_animation=\u00a0\u00bb\u00a0\u00bb row_type=\u00a0\u00bbrow\u00a0\u00bb use_row_as_full_screen_section=\u00a0\u00bbno\u00a0\u00bb type=\u00a0\u00bbgrid\u00a0\u00bb angled_section=\u00a0\u00bbno\u00a0\u00bb text_align=\u00a0\u00bbleft\u00a0\u00bb background_image_as_pattern=\u00a0\u00bbwithout_pattern\u00a0\u00bb transition_delay=\u00a0\u00bb600&Prime; z_index=\u00a0\u00bb\u00a0\u00bb css=\u00a0\u00bb.vc_custom_1540563647749{padding-top: 60px !important;padding-bottom: 60px !important;background-color: #ffffff !important;}\u00a0\u00bb][vc_column offset=\u00a0\u00bbvc_col-md-7&Prime;][vc_column_text]<\/p>\n<h3><span style=\"color: #9a7a26;\">FAQ<\/span><\/h3>\n<p>Sur cette page, vous trouverez la foire aux questions (FAQ) de nos clients. Si vous avez d&rsquo;autres questions, n&rsquo;h\u00e9sitez pas \u00e0 <a href=\"https:\/\/www.hotellafuente.com\/fr\/contactez-nous\/\">nous contacter.<\/a>.[\/vc_column_text][vc_empty_space height=\u00a0\u00bb80px\u00a0\u00bb]<div class=\"qode-accordion-holder clearfix qode-toggle qode-initial \">\n\t<h4 class=\"clearfix qode-title-holder\">\n<span class=\"qode-tab-title\">\n\t    <span class=\"qode-tab-title-inner\">\n        Quelle est l&#039;heure d&#039;arriv\u00e9e et de d\u00e9part?    <\/span>\n<\/span>\n<span class=\"qode-accordion-mark\">\n    <span class=\"qode-accordion-mark-icon\">\n        <span class=\"icon_plus\"><\/span>\n        <span class=\"icon_minus-06\"><\/span>\n    <\/span>\n<\/span>\n<\/h4>\n<div  class=\"qode-accordion-content \" >\n    <div class=\"qode-accordion-content-inner\">\n        [vc_column_text]Enregistrement \u00e0 partir de 15h00 et d\u00e9part jusqu&rsquo;\u00e0 midi.[\/vc_column_text]    <\/div>\n<\/div><h4 class=\"clearfix qode-title-holder\">\n<span class=\"qode-tab-title\">\n\t    <span class=\"qode-tab-title-inner\">\n        Les animaux sont accept\u00e9s?    <\/span>\n<\/span>\n<span class=\"qode-accordion-mark\">\n    <span class=\"qode-accordion-mark-icon\">\n        <span class=\"icon_plus\"><\/span>\n        <span class=\"icon_minus-06\"><\/span>\n    <\/span>\n<\/span>\n<\/h4>\n<div  class=\"qode-accordion-content \" >\n    <div class=\"qode-accordion-content-inner\">\n        [vc_column_text css=\u00a0\u00bb\u00a0\u00bb]<\/p>\n<p class=\"p1\">Fuente de la Higuera est un <span class=\"s1\"><b>h\u00f4tel pet-friendly<\/b><\/span>. Les petits chiens sont les bienvenus avec un suppl\u00e9ment de <span class=\"s1\"><b>20 \u20ac par nuit<\/b><\/span> (jusqu\u2019\u00e0 <span class=\"s1\"><b>7 kg<\/b><\/span>). Ils sont uniquement accept\u00e9s dans les <span class=\"s1\"><b>Chambres Doubles<\/b><\/span> et les <span class=\"s1\"><b>Chambres Doubles Sup\u00e9rieures<\/b><\/span> ; les autres demandes seront soumises \u00e0 disponibilit\u00e9 et confirmation pr\u00e9alable.<\/p>\n<p class=\"p1\">Pour le confort de votre animal, nous vous recommandons d\u2019apporter son propre lit et ses accessoires.<\/p>\n<p class=\"p1\">Vous pouvez facilement ajouter le suppl\u00e9ment pour votre chien comme un <span class=\"s1\"><b>extra<\/b><\/span> directement dans notre moteur de r\u00e9servation.<\/p>\n<p>[\/vc_column_text]    <\/div>\n<\/div><h4 class=\"clearfix qode-title-holder\">\n<span class=\"qode-tab-title\">\n\t    <span class=\"qode-tab-title-inner\">\n        Y a-t-il une connexion Wi-Fi gratuite?    <\/span>\n<\/span>\n<span class=\"qode-accordion-mark\">\n    <span class=\"qode-accordion-mark-icon\">\n        <span class=\"icon_plus\"><\/span>\n        <span class=\"icon_minus-06\"><\/span>\n    <\/span>\n<\/span>\n<\/h4>\n<div  class=\"qode-accordion-content \" >\n    <div class=\"qode-accordion-content-inner\">\n        [vc_column_text]Oui, le wifi est gratuit.[\/vc_column_text]    <\/div>\n<\/div><h4 class=\"clearfix qode-title-holder\">\n<span class=\"qode-tab-title\">\n\t    <span class=\"qode-tab-title-inner\">\n        Pourquoi le prix varie?    <\/span>\n<\/span>\n<span class=\"qode-accordion-mark\">\n    <span class=\"qode-accordion-mark-icon\">\n        <span class=\"icon_plus\"><\/span>\n        <span class=\"icon_minus-06\"><\/span>\n    <\/span>\n<\/span>\n<\/h4>\n<div  class=\"qode-accordion-content \" >\n    <div class=\"qode-accordion-content-inner\">\n        [vc_column_text]La fa\u00e7on dont nous fixons nos prix est dynamique et s\u2019adapte \u00e0 diff\u00e9rents facteurs, tels que la demande ou l\u2019avance des dates. C&rsquo;est un avantage consid\u00e9rable, car vous pouvez \u00e9conomiser en planifiant votre voyage \u00e0 Ronda ou \u00e0 des dates de faible demande.[\/vc_column_text]    <\/div>\n<\/div><\/div>[\/vc_column][vc_column width=\u00a0\u00bb1\/12&Prime; offset=\u00a0\u00bbvc_hidden-md vc_hidden-sm vc_hidden-xs\u00a0\u00bb][\/vc_column][vc_column css=\u00a0\u00bb.vc_custom_1540479761506{border-top-width: 2px !important;border-right-width: 2px !important;border-bottom-width: 2px !important;border-left-width: 2px !important;border-left-color: #9a7a26 !important;border-left-style: solid !important;border-right-color: #9a7a26 !important;border-right-style: solid !important;border-top-color: #9a7a26 !important;border-top-style: solid !important;border-bottom-color: #9a7a26 !important;border-bottom-style: solid !important;}\u00a0\u00bb offset=\u00a0\u00bbvc_col-md-4&Prime;][vc_column_text]<\/p>\n<h5 style=\"text-align: center;\"><strong><span style=\"color: #9a7a26;\">R\u00e9servation<\/span> en ligne\u00a0<\/strong><\/h5>\n<p>[vc_empty_space height=\u00a0\u00bb15&Prime;]<\/p>\n<p style=\"text-align: center;\">Sur notre site Web, vous trouverez toujours <strong> le meilleur prix<\/strong>\u00a0et les <strong> meilleures offres <\/strong> de nos salles.<\/p>\n<p>[\/vc_column_text][vc_empty_space height=\u00a0\u00bb33px\u00a0\u00bb][vc_raw_html]JTNDJTIxLS0lMjAlMEElMjAlMjAlMjAlMjBXdUJvb2slMjBKYXZhc2NyaXB0JTIwTGlicmFyeSUwQSUyMCUyMCUyMCUyMEV2ZW50dWFsbHklMkMlMjBwdXQlMjBpdCUyMGluc2lkZSUwQSUyMCUyMCUyMCUyMHlvdXIlMjAlM0NoZWFkJTJGJTNFJTIwdGFnJTBBLS0lM0UlMEElM0NzY3JpcHQlMjBzcmMlM0QlMjJodHRwcyUzQSUyRiUyRnd1Ym9vay5uZXQlMkZqcyUyRndibGliLmpneiUyMiUzRSUzQyUyRnNjcmlwdCUzRSUwQSUzQyUyMS0tJTIwJTBBJTIwJTIwJTIwJTIwJTIwcHV0JTIwdGhlJTIwZm9sbG93aW5nJTIwZGl2JTIwd2hlcmUlMjBXdUJvb2slMjAlMEElMjAlMjAlMjAlMjAlMjBzaG91bGQlMjBiZSUyMGRlc2lnbmVkLiUyME1ha2UlMjBzdXJlJTIwdG8lMEElMjAlMjAlMjAlMjAlMjBwcmVzZXJ2ZSUyMHRoZSUyMGRpdiUyMGNvbnRlbnRzJTIwJTI4YmFja2xpbmslMjklMEEtLSUzRSUwQSUzQ2RpdiUyMGlkJTNEJTIyX2Jhcm9yXyUyMiUyMCUzRSUwQSUyMCUyMCUzQ2ElMjBjbGFzcyUzRCUyMmZ1ZW50ZS13YiUyMiUyMGhyZWYlM0QlMjJodHRwJTNBJTJGJTJGZXMud3Vib29rLm5ldCUyRiUyMiUyMHN0eWxlJTNEJTIyZGlzcGxheSUzQSUyMGJsb2NrJTNCJTIwbWFyZ2luLXRvcCUzQSUyMDVweCUzQiUyMHRleHQtZGVjb3JhdGlvbiUzQW5vbmUlM0Jib3JkZXIlM0Fub25lJTNCJTIyJTIwdGFyZ2V0JTNEJTIyX2JsYW5rJTIyJTNFJTBBJTIwJTIwJTIwJTIwJTNDaW1nJTIwc3JjJTNEJTIyaHR0cHMlM0ElMkYlMkZ3dWJvb2submV0JTJGaW1ncyUyRmRlZmF1bHQlMkZib29raW5nX2J5X3d1LmdpZiUyMiUyMGFsdCUzRCUyMnd1Ym9vayUyMiUyMHRpdGxlJTNEJTIyU29sdWNpb25lcyUyMGRlJTIwZ2VzdGklQzMlQjNuJTIwaG90ZWxlcmElMjIlMjBzdHlsZSUzRCUyMmJvcmRlciUzQW5vbmUlM0J0ZXh0LWRlY29yYXRpb24lM0Fub25lJTNCJTIyJTIwJTJGJTNFJTBBJTIwJTIwJTNDJTJGYSUzRSUwQSUzQyUyRmRpdiUzRSUwQSUzQyUyMS0tJTIwJTBBJTIwJTIwJTIwJTIwJTIwSW5pdGlhbGl6ZSUyMHRoZSUyMFd1Qm9vayUyME9iamVjdC4lMEElMjAlMjAlMjAlMjAlMjBDb2xsZWN0JTIwcGFyYW1zJTIwc2V0dGluZ3MuJTBBJTIwJTIwJTIwJTIwJTIwQ2FsbCUyMFd1Qm9vay5kZXNpZ25fYndpZGdldCUyOCUyOS4lMEElMEElMjAlMjAlMjAlMjAlMjBOb3RpY2UlMjBXdUJvb2slMjBPYmplY3QlMjBwcm92aWRlcyUyMGElMEElMjAlMjAlMjAlMjAlMjBsb3QlMjBvZiUyMGludGVyZXN0aW5nJTIwZmVhdHVyZXMuJTBBLS0lM0UlMEElM0NzY3JpcHQlM0UlMEElMjAlMjB2YXIlMjBXdUJvb2slM0QlMjBuZXclMjBfV3VCb29rJTI4MTU0MDI4NDUwOSUyOSUzQiUwQSUyMCUyMHZhciUyMHdicGFyYW1zJTNEJTIwJTdCJTBBJTIwJTIwJTIwJTIwdGV4dGNvbG9ycGslM0ElMjAlMjclMjM5ODg0NTQlMjclMkMlMEElMjAlMjAlMjAlMjBmaXhlZFBvc2l0aW9uJTNBJTIwMCUyQyUwQSUyMCUyMCUyMCUyMGRpdGV4dGNvbG9yJTNBJTIwJTI3JTIzZmZmZmZmJTI3JTJDJTBBJTIwJTIwJTIwJTIwdGV4dGNvbG9yYmIlM0ElMjAlMjclMjM1ZDVjNWMlMjclMkMlMEElMjAlMjAlMjAlMjBwbHVzcGVyYyUzQSUyMDUlMkMlMEElMjAlMjAlMjAlMjBsaXN0dHlwZWJiJTNBJTIwJTI3JTIzNWQ1YzVjJTI3JTJDJTBBJTIwJTIwJTIwJTIwYnV0dG9uY29sb3JhcyUzQSUyMCUyNyUyMzNiMmQ2YiUyNyUyQyUwQSUyMCUyMCUyMCUyMGljb25jb2xvcmFzJTNBJTIwJTI3JTIzZmZmZmZmJTI3JTJDJTBBJTIwJTIwJTIwJTIwcnBrZ3MlM0ElMjAlMjclMjclMkMlMEElMjAlMjAlMjAlMjBhdmdjb2xvciUzQSUyMCUyNyUyMzk4ODQ1NCUyNyUyQyUwQSUyMCUyMCUyMCUyMGxhYmVsY29sb3JhcyUzQSUyMCUyNyUyM2ZmZmZmZiUyNyUyQyUwQSUyMCUyMCUyMCUyMGJhcmJhY2tncm91bmQlM0ElMjAlMjdyZ2JhJTI4MCUyQyUyMDAlMkMlMjAwJTJDJTIwMCUyOSUyNyUyQyUwQSUyMCUyMCUyMCUyMGRlZmF1bHRfbmlnaHRzJTNBJTIwMSUyQyUwQSUyMCUyMCUyMCUyMHRleHRjb2xvcmNhbGVuZGFyYmUlM0ElMjAlMjclMjM1ZDVjNWMlMjclMkMlMEElMjAlMjAlMjAlMjBib3JkZXJjb2xvciUzQSUyMCUyNyUyMzlhN2EyNiUyNyUyQyUwQSUyMCUyMCUyMCUyMGJsb2NrcyUzQSUyMCUyN2JlJTI3JTJDJTBBJTIwJTIwJTIwJTIwZmFpbGJhY2tfbGFuZyUzQSUyMCUyN2VuJTI3JTJDJTBBJTIwJTIwJTIwJTIwaGRjb2RlJTNBJTIwJTI3Q29kZSUyNyUyQyUwQSUyMCUyMCUyMCUyMHRleHRjb2xvcmJ1dHRvbmJlJTNBJTIwJTI3JTIzZmZmZmZmJTI3JTJDJTBBJTIwJTIwJTIwJTIwYXZndGV4dGNvbG9yJTNBJTIwJTI3JTIzZmZmZmZmJTI3JTJDJTBBJTIwJTIwJTIwJTIwZGlpbnB1dGNvbG9yJTNBJTIwJTI3JTIzZmZmZmZmJTI3JTJDJTBBJTIwJTIwJTIwJTIwbGFuZyUzQSUyMCUyN2VuJTI3JTJDJTBBJTIwJTIwJTIwJTIwYnV0dG9uY29sb3JiZSUzQSUyMCUyNyUyMzlhN2EyNiUyNyUyQyUwQSUyMCUyMCUyMCUyMGRpYnV0dG9uY29sb3IlM0ElMjAlMjclMjMwMDgwMDAlMjclMkMlMEElMjAlMjAlMjAlMjB3Ymdvb2dsZSUzQSUyMDElMkMlMEElMjAlMjAlMjAlMjBiZ2Jsb2NrcyUzQSUyMCUyN3JnYmElMjgwJTJDJTIwMCUyQyUyMDAlMkMlMjAwJTI5JTI3JTJDJTBBJTIwJTIwJTIwJTIwY21zZ3MlM0ElMjAlMjclMjclMkMlMEElMjAlMjAlMjAlMjB0ZXh0Y29sb3JuaWdodHNwayUzQSUyMCUyNyUyM2ZmZmZmZiUyNyUyQyUwQSUyMCUyMCUyMCUyMGFkY2hpJTNBJTIwMCUwQSUyMCUyMCU3RCUzQiUwQSUyMCUyMFd1Qm9vay5kZXNpZ25fYndpZGdldCUyOCUyMl9iYXJvcl8lMjIlMkMlMjB3YnBhcmFtcyUyOSUzQiUwQSUzQyUyRnNjcmlwdCUzRSUwQSUzQyUyMS0tJTIwJTBBJTIwJTIwJTIwJTIwdGhhdCUyN3MlMjBhbGwlMjAlM0ElMjklMEElMjAlMjAlMjAlMjBUaGFuayUyMHlvdSUyMGZvciUyMHVzaW5nJTIwV3VCb29rJTIxJTBBLS0lM0UlMEE=[\/vc_raw_html][vc_empty_space height=\u00a0\u00bb33px\u00a0\u00bb][vc_column_text]<\/p>\n<h4 style=\"text-align: center;\"><span style=\"color: #9a7a26;\"><a style=\"color: #9a7a26;\" href=\"tel:0034615690024\"><strong>+34 615 69 00 24<\/strong><\/a><\/span><\/h4>\n<h4 style=\"text-align: center;\"><span style=\"color: #9a7a26;\"><a style=\"text-transform: lowercase; color: #9a7a26;\" href=\"mailto:info@hotellafuente.com\"><strong>info@hotellafuente.com<\/strong><\/a><\/span><\/h4>\n<p>[\/vc_column_text][vc_empty_space height=\u00a0\u00bb33px\u00a0\u00bb][\/vc_column][\/vc_row][vc_row css_animation=\u00a0\u00bb\u00a0\u00bb row_type=\u00a0\u00bbrow\u00a0\u00bb use_row_as_full_screen_section=\u00a0\u00bbno\u00a0\u00bb type=\u00a0\u00bbfull_width\u00a0\u00bb angled_section=\u00a0\u00bbno\u00a0\u00bb text_align=\u00a0\u00bbleft\u00a0\u00bb background_image_as_pattern=\u00a0\u00bbwithout_pattern\u00a0\u00bb css=\u00a0\u00bb.vc_custom_1540479098423{padding-top: 50px !important;padding-bottom: 100px !important;}\u00a0\u00bb z_index=\u00a0\u00bb\u00a0\u00bb][vc_column][vc_column_text]<img data-recalc-dims=\"1\" decoding=\"async\" class=\"aligncenter wp-image-350\" src=\"https:\/\/i0.wp.com\/www.hotellafuente.com\/wp-content\/uploads\/2018\/10\/hotel_fuente_de_la_higuera_ronda_imago.png?resize=180%2C88&#038;ssl=1\" alt=\"\" width=\"180\" height=\"88\" srcset=\"https:\/\/i0.wp.com\/www.hotellafuente.com\/wp-content\/uploads\/2018\/10\/hotel_fuente_de_la_higuera_ronda_imago.png?resize=300%2C146&amp;ssl=1 300w, https:\/\/i0.wp.com\/www.hotellafuente.com\/wp-content\/uploads\/2018\/10\/hotel_fuente_de_la_higuera_ronda_imago.png?w=466&amp;ssl=1 466w\" sizes=\"(max-width: 180px) 100vw, 180px\" \/>[\/vc_column_text][\/vc_column][\/vc_row]<\/p>\n<\/div>","protected":false},"excerpt":{"rendered":"<p>[vc_row css_animation=\u00a0\u00bb\u00a0\u00bb row_type=\u00a0\u00bbrow\u00a0\u00bb use_row_as_full_screen_section=\u00a0\u00bbno\u00a0\u00bb type=\u00a0\u00bbgrid\u00a0\u00bb angled_section=\u00a0\u00bbno\u00a0\u00bb text_align=\u00a0\u00bbleft\u00a0\u00bb background_image_as_pattern=\u00a0\u00bbwithout_pattern\u00a0\u00bb transition_delay=\u00a0\u00bb600&Prime; z_index=\u00a0\u00bb\u00a0\u00bb css=\u00a0\u00bb.vc_custom_1540563647749{padding-top: 60px !important;padding-bottom: 60px !important;background-color: #ffffff !important;}\u00a0\u00bb][vc_column offset=\u00a0\u00bbvc_col-md-7&Prime;][vc_column_text] FAQ Sur cette page, vous trouverez la foire aux questions (FAQ) de nos clients. Si vous avez d&rsquo;autres questions, n&rsquo;h\u00e9sitez pas \u00e0 nous contacter..[\/vc_column_text][vc_empty_space height=\u00a0\u00bb80px\u00a0\u00bb][\/vc_column][vc_column width=\u00a0\u00bb1\/12&Prime; offset=\u00a0\u00bbvc_hidden-md&#8230;<\/p>\n","protected":false},"author":1,"featured_media":0,"parent":0,"menu_order":0,"comment_status":"closed","ping_status":"closed","template":"full_width.php","meta":{"_joinchat":[],"footnotes":""},"class_list":["post-947","page","type-page","status-publish","hentry"],"yoast_head":"<!-- This site is optimized with the Yoast SEO plugin v26.4 - https:\/\/yoast.com\/wordpress\/plugins\/seo\/ -->\n<title>Questions fr\u00e9quemment pos\u00e9es | Hotel La Fuente de la Higuera<\/title>\n<meta name=\"robots\" content=\"index, follow, max-snippet:-1, max-image-preview:large, max-video-preview:-1\" \/>\n<link rel=\"canonical\" href=\"https:\/\/www.hotellafuente.com\/fr\/faq\/\" \/>\n<meta property=\"og:locale\" content=\"fr_FR\" \/>\n<meta property=\"og:type\" content=\"article\" \/>\n<meta property=\"og:title\" content=\"Questions fr\u00e9quemment pos\u00e9es | Hotel La Fuente de la Higuera\" \/>\n<meta property=\"og:description\" content=\"[vc_row css_animation=\u00a0\u00bb\u00a0\u00bb row_type=\u00a0\u00bbrow\u00a0\u00bb use_row_as_full_screen_section=\u00a0\u00bbno\u00a0\u00bb type=\u00a0\u00bbgrid\u00a0\u00bb angled_section=\u00a0\u00bbno\u00a0\u00bb text_align=\u00a0\u00bbleft\u00a0\u00bb background_image_as_pattern=\u00a0\u00bbwithout_pattern\u00a0\u00bb transition_delay=\u00a0\u00bb600&Prime; z_index=\u00a0\u00bb\u00a0\u00bb css=\u00a0\u00bb.vc_custom_1540563647749{padding-top: 60px !important;padding-bottom: 60px !important;background-color: #ffffff !important;}\u00a0\u00bb][vc_column offset=\u00a0\u00bbvc_col-md-7&Prime;][vc_column_text] FAQ Sur cette page, vous trouverez la foire aux questions (FAQ) de nos clients. Si vous avez d&rsquo;autres questions, n&rsquo;h\u00e9sitez pas \u00e0 nous contacter..[\/vc_column_text][vc_empty_space height=\u00a0\u00bb80px\u00a0\u00bb][\/vc_column][vc_column width=\u00a0\u00bb1\/12&Prime; offset=\u00a0\u00bbvc_hidden-md...\" \/>\n<meta property=\"og:url\" content=\"https:\/\/www.hotellafuente.com\/fr\/faq\/\" \/>\n<meta property=\"og:site_name\" content=\"Hotel La Fuente de la Higuera\" \/>\n<meta property=\"article:publisher\" content=\"https:\/\/www.facebook.com\/Hotel-la-Fuente-de-la-Higuera-1873651042879969\/\" \/>\n<meta property=\"article:modified_time\" content=\"2025-08-25T16:28:11+00:00\" \/>\n<meta property=\"og:image\" content=\"https:\/\/www.hotellafuente.com\/wp-content\/uploads\/2018\/10\/hotel_fuente_de_la_higuera_ronda_imago-300x146.png\" \/>\n<meta name=\"twitter:card\" content=\"summary_large_image\" \/>\n<meta name=\"twitter:label1\" content=\"Dur\u00e9e de lecture estim\u00e9e\" \/>\n\t<meta name=\"twitter:data1\" content=\"2 minutes\" \/>\n<script type=\"application\/ld+json\" class=\"yoast-schema-graph\">{\"@context\":\"https:\/\/schema.org\",\"@graph\":[{\"@type\":\"WebPage\",\"@id\":\"https:\/\/www.hotellafuente.com\/fr\/faq\/\",\"url\":\"https:\/\/www.hotellafuente.com\/fr\/faq\/\",\"name\":\"Questions fr\u00e9quemment pos\u00e9es | Hotel La Fuente de la Higuera\",\"isPartOf\":{\"@id\":\"https:\/\/www.hotellafuente.com\/fr\/#website\"},\"primaryImageOfPage\":{\"@id\":\"https:\/\/www.hotellafuente.com\/fr\/faq\/#primaryimage\"},\"image\":{\"@id\":\"https:\/\/www.hotellafuente.com\/fr\/faq\/#primaryimage\"},\"thumbnailUrl\":\"https:\/\/www.hotellafuente.com\/wp-content\/uploads\/2018\/10\/hotel_fuente_de_la_higuera_ronda_imago-300x146.png\",\"datePublished\":\"2018-10-26T14:17:35+00:00\",\"dateModified\":\"2025-08-25T16:28:11+00:00\",\"breadcrumb\":{\"@id\":\"https:\/\/www.hotellafuente.com\/fr\/faq\/#breadcrumb\"},\"inLanguage\":\"fr-FR\",\"potentialAction\":[{\"@type\":\"ReadAction\",\"target\":[\"https:\/\/www.hotellafuente.com\/fr\/faq\/\"]}]},{\"@type\":\"ImageObject\",\"inLanguage\":\"fr-FR\",\"@id\":\"https:\/\/www.hotellafuente.com\/fr\/faq\/#primaryimage\",\"url\":\"https:\/\/www.hotellafuente.com\/wp-content\/uploads\/2018\/10\/hotel_fuente_de_la_higuera_ronda_imago-300x146.png\",\"contentUrl\":\"https:\/\/www.hotellafuente.com\/wp-content\/uploads\/2018\/10\/hotel_fuente_de_la_higuera_ronda_imago-300x146.png\"},{\"@type\":\"BreadcrumbList\",\"@id\":\"https:\/\/www.hotellafuente.com\/fr\/faq\/#breadcrumb\",\"itemListElement\":[{\"@type\":\"ListItem\",\"position\":1,\"name\":\"Portada\",\"item\":\"https:\/\/www.hotellafuente.com\/fr\/\"},{\"@type\":\"ListItem\",\"position\":2,\"name\":\"Questions fr\u00e9quemment pos\u00e9es\"}]},{\"@type\":\"WebSite\",\"@id\":\"https:\/\/www.hotellafuente.com\/fr\/#website\",\"url\":\"https:\/\/www.hotellafuente.com\/fr\/\",\"name\":\"Hotel La Fuente de la Higuera\",\"description\":\"Hotel La Fuente de la Higuera | Web Official | Ronda\",\"publisher\":{\"@id\":\"https:\/\/www.hotellafuente.com\/fr\/#organization\"},\"potentialAction\":[{\"@type\":\"SearchAction\",\"target\":{\"@type\":\"EntryPoint\",\"urlTemplate\":\"https:\/\/www.hotellafuente.com\/fr\/?s={search_term_string}\"},\"query-input\":{\"@type\":\"PropertyValueSpecification\",\"valueRequired\":true,\"valueName\":\"search_term_string\"}}],\"inLanguage\":\"fr-FR\"},{\"@type\":\"Organization\",\"@id\":\"https:\/\/www.hotellafuente.com\/fr\/#organization\",\"name\":\"Hotel La Fuente de la Higuera\",\"url\":\"https:\/\/www.hotellafuente.com\/fr\/\",\"logo\":{\"@type\":\"ImageObject\",\"inLanguage\":\"fr-FR\",\"@id\":\"https:\/\/www.hotellafuente.com\/fr\/#\/schema\/logo\/image\/\",\"url\":\"https:\/\/i1.wp.com\/www.hotellafuente.com\/wp-content\/uploads\/2018\/11\/fuente-de-la-higuera-hotel-ronda-logo-3.png?fit=208%2C180&ssl=1\",\"contentUrl\":\"https:\/\/i1.wp.com\/www.hotellafuente.com\/wp-content\/uploads\/2018\/11\/fuente-de-la-higuera-hotel-ronda-logo-3.png?fit=208%2C180&ssl=1\",\"width\":208,\"height\":180,\"caption\":\"Hotel La Fuente de la Higuera\"},\"image\":{\"@id\":\"https:\/\/www.hotellafuente.com\/fr\/#\/schema\/logo\/image\/\"},\"sameAs\":[\"https:\/\/www.facebook.com\/Hotel-la-Fuente-de-la-Higuera-1873651042879969\/\",\"https:\/\/www.instagram.com\/hotelfuentedelahiguera\/\"]}]}<\/script>\n<!-- \/ Yoast SEO plugin. -->","yoast_head_json":{"title":"Questions fr\u00e9quemment pos\u00e9es | Hotel La Fuente de la Higuera","robots":{"index":"index","follow":"follow","max-snippet":"max-snippet:-1","max-image-preview":"max-image-preview:large","max-video-preview":"max-video-preview:-1"},"canonical":"https:\/\/www.hotellafuente.com\/fr\/faq\/","og_locale":"fr_FR","og_type":"article","og_title":"Questions fr\u00e9quemment pos\u00e9es | Hotel La Fuente de la Higuera","og_description":"[vc_row css_animation=\u00a0\u00bb\u00a0\u00bb row_type=\u00a0\u00bbrow\u00a0\u00bb use_row_as_full_screen_section=\u00a0\u00bbno\u00a0\u00bb type=\u00a0\u00bbgrid\u00a0\u00bb angled_section=\u00a0\u00bbno\u00a0\u00bb text_align=\u00a0\u00bbleft\u00a0\u00bb background_image_as_pattern=\u00a0\u00bbwithout_pattern\u00a0\u00bb transition_delay=\u00a0\u00bb600&Prime; z_index=\u00a0\u00bb\u00a0\u00bb css=\u00a0\u00bb.vc_custom_1540563647749{padding-top: 60px !important;padding-bottom: 60px !important;background-color: #ffffff !important;}\u00a0\u00bb][vc_column offset=\u00a0\u00bbvc_col-md-7&Prime;][vc_column_text] FAQ Sur cette page, vous trouverez la foire aux questions (FAQ) de nos clients. Si vous avez d&rsquo;autres questions, n&rsquo;h\u00e9sitez pas \u00e0 nous contacter..[\/vc_column_text][vc_empty_space height=\u00a0\u00bb80px\u00a0\u00bb][\/vc_column][vc_column width=\u00a0\u00bb1\/12&Prime; offset=\u00a0\u00bbvc_hidden-md...","og_url":"https:\/\/www.hotellafuente.com\/fr\/faq\/","og_site_name":"Hotel La Fuente de la Higuera","article_publisher":"https:\/\/www.facebook.com\/Hotel-la-Fuente-de-la-Higuera-1873651042879969\/","article_modified_time":"2025-08-25T16:28:11+00:00","og_image":[{"url":"https:\/\/www.hotellafuente.com\/wp-content\/uploads\/2018\/10\/hotel_fuente_de_la_higuera_ronda_imago-300x146.png","type":"","width":"","height":""}],"twitter_card":"summary_large_image","twitter_misc":{"Dur\u00e9e de lecture estim\u00e9e":"2 minutes"},"schema":{"@context":"https:\/\/schema.org","@graph":[{"@type":"WebPage","@id":"https:\/\/www.hotellafuente.com\/fr\/faq\/","url":"https:\/\/www.hotellafuente.com\/fr\/faq\/","name":"Questions fr\u00e9quemment pos\u00e9es | Hotel La Fuente de la Higuera","isPartOf":{"@id":"https:\/\/www.hotellafuente.com\/fr\/#website"},"primaryImageOfPage":{"@id":"https:\/\/www.hotellafuente.com\/fr\/faq\/#primaryimage"},"image":{"@id":"https:\/\/www.hotellafuente.com\/fr\/faq\/#primaryimage"},"thumbnailUrl":"https:\/\/www.hotellafuente.com\/wp-content\/uploads\/2018\/10\/hotel_fuente_de_la_higuera_ronda_imago-300x146.png","datePublished":"2018-10-26T14:17:35+00:00","dateModified":"2025-08-25T16:28:11+00:00","breadcrumb":{"@id":"https:\/\/www.hotellafuente.com\/fr\/faq\/#breadcrumb"},"inLanguage":"fr-FR","potentialAction":[{"@type":"ReadAction","target":["https:\/\/www.hotellafuente.com\/fr\/faq\/"]}]},{"@type":"ImageObject","inLanguage":"fr-FR","@id":"https:\/\/www.hotellafuente.com\/fr\/faq\/#primaryimage","url":"https:\/\/www.hotellafuente.com\/wp-content\/uploads\/2018\/10\/hotel_fuente_de_la_higuera_ronda_imago-300x146.png","contentUrl":"https:\/\/www.hotellafuente.com\/wp-content\/uploads\/2018\/10\/hotel_fuente_de_la_higuera_ronda_imago-300x146.png"},{"@type":"BreadcrumbList","@id":"https:\/\/www.hotellafuente.com\/fr\/faq\/#breadcrumb","itemListElement":[{"@type":"ListItem","position":1,"name":"Portada","item":"https:\/\/www.hotellafuente.com\/fr\/"},{"@type":"ListItem","position":2,"name":"Questions fr\u00e9quemment pos\u00e9es"}]},{"@type":"WebSite","@id":"https:\/\/www.hotellafuente.com\/fr\/#website","url":"https:\/\/www.hotellafuente.com\/fr\/","name":"Hotel La Fuente de la Higuera","description":"Hotel La Fuente de la Higuera | Web Official | Ronda","publisher":{"@id":"https:\/\/www.hotellafuente.com\/fr\/#organization"},"potentialAction":[{"@type":"SearchAction","target":{"@type":"EntryPoint","urlTemplate":"https:\/\/www.hotellafuente.com\/fr\/?s={search_term_string}"},"query-input":{"@type":"PropertyValueSpecification","valueRequired":true,"valueName":"search_term_string"}}],"inLanguage":"fr-FR"},{"@type":"Organization","@id":"https:\/\/www.hotellafuente.com\/fr\/#organization","name":"Hotel La Fuente de la Higuera","url":"https:\/\/www.hotellafuente.com\/fr\/","logo":{"@type":"ImageObject","inLanguage":"fr-FR","@id":"https:\/\/www.hotellafuente.com\/fr\/#\/schema\/logo\/image\/","url":"https:\/\/i1.wp.com\/www.hotellafuente.com\/wp-content\/uploads\/2018\/11\/fuente-de-la-higuera-hotel-ronda-logo-3.png?fit=208%2C180&ssl=1","contentUrl":"https:\/\/i1.wp.com\/www.hotellafuente.com\/wp-content\/uploads\/2018\/11\/fuente-de-la-higuera-hotel-ronda-logo-3.png?fit=208%2C180&ssl=1","width":208,"height":180,"caption":"Hotel La Fuente de la Higuera"},"image":{"@id":"https:\/\/www.hotellafuente.com\/fr\/#\/schema\/logo\/image\/"},"sameAs":["https:\/\/www.facebook.com\/Hotel-la-Fuente-de-la-Higuera-1873651042879969\/","https:\/\/www.instagram.com\/hotelfuentedelahiguera\/"]}]}},"jetpack_sharing_enabled":true,"_links":{"self":[{"href":"https:\/\/www.hotellafuente.com\/fr\/wp-json\/wp\/v2\/pages\/947","targetHints":{"allow":["GET"]}}],"collection":[{"href":"https:\/\/www.hotellafuente.com\/fr\/wp-json\/wp\/v2\/pages"}],"about":[{"href":"https:\/\/www.hotellafuente.com\/fr\/wp-json\/wp\/v2\/types\/page"}],"author":[{"embeddable":true,"href":"https:\/\/www.hotellafuente.com\/fr\/wp-json\/wp\/v2\/users\/1"}],"replies":[{"embeddable":true,"href":"https:\/\/www.hotellafuente.com\/fr\/wp-json\/wp\/v2\/comments?post=947"}],"version-history":[{"count":5,"href":"https:\/\/www.hotellafuente.com\/fr\/wp-json\/wp\/v2\/pages\/947\/revisions"}],"predecessor-version":[{"id":5525,"href":"https:\/\/www.hotellafuente.com\/fr\/wp-json\/wp\/v2\/pages\/947\/revisions\/5525"}],"wp:attachment":[{"href":"https:\/\/www.hotellafuente.com\/fr\/wp-json\/wp\/v2\/media?parent=947"}],"curies":[{"name":"wp","href":"https:\/\/api.w.org\/{rel}","templated":true}]}}